{"id":1464,"date":"2023-08-18T21:41:00","date_gmt":"2023-08-19T01:41:00","guid":{"rendered":"https:\/\/www.sy5.io\/?page_id=1464"},"modified":"2023-08-31T11:05:44","modified_gmt":"2023-08-31T15:05:44","slug":"francais-wi-fi-pour-entreprises","status":"publish","type":"page","link":"https:\/\/www.sy5.io\/fr\/","title":{"rendered":"Wi-Fi pour entreprises"},"content":{"rendered":"<p>[vc_row full_width=&#8221;stretch_row_content&#8221; content_placement=&#8221;middle&#8221; height=&#8221;500px&#8221; columns_height=&#8221;adjust_cols_height&#8221; bg_type=&#8221;image&#8221; parallax_style=&#8221;vcpb-default&#8221; bg_image_new=&#8221;id^995|url^|caption^null|alt^null|title^sy5-table-phone-social_background|description^null&#8221; bg_override=&#8221;full&#8221; css=&#8221;.vc_custom_1692231741647{background-image: url(https:\/\/www.sy5events.com\/wp-content\/uploads\/2023\/08\/header-sy5-wifi-installation.jpg?id=364) !important;background-position: center !important;background-repeat: no-repeat !important;background-size: cover !important;}&#8221;][vc_column][vc_row_inner content_placement=&#8221;middle&#8221; type=&#8221;boxed&#8221; css=&#8221;.vc_custom_1671170170003{padding-top: 2% !important;padding-right: 8% !important;padding-bottom: 2% !important;padding-left: 8% !important;}&#8221;][vc_column_inner width=&#8221;2\/3&#8243; css=&#8221;.vc_custom_1568166873613{margin-top: 10% !important;margin-bottom: 3% !important;}&#8221;][vc_custom_heading text=&#8221;Solutions TI &amp; r\u00e9seaux internet structur\u00e9s pour petites et grandes entreprises.&#8221; font_container=&#8221;tag:h1|font_size:45px|text_align:left|color:%23ffffff&#8221; google_fonts=&#8221;font_family:Roboto%3A100%2C100italic%2C300%2C300italic%2Cregular%2Citalic%2C500%2C500italic%2C700%2C700italic%2C900%2C900italic|font_style:900%20bold%20regular%3A900%3Anormal&#8221; css_animation=&#8221;bottom-to-top&#8221; el_id=&#8221;main-h1&#8243; el_class=&#8221;main-h1&#8243;][vc_btn title=&#8221;OBTENIR UN DEVIS&#8221; style=&#8221;custom&#8221; custom_background=&#8221;#ffffff&#8221; custom_text=&#8221;#13535e&#8221; shape=&#8221;round&#8221; size=&#8221;lg&#8221; align=&#8221;left&#8221; css_animation=&#8221;fadeIn&#8221; link=&#8221;url:https%3A%2F%2Fwww.sy5.io%2Ffr%2Fobtenir-sy5%2F|title:Contact||&#8221; css=&#8221;.vc_custom_1692745344980{margin-top: 20px !important;}&#8221;][vc_empty_space height=&#8221;30px&#8221;][\/vc_column_inner][vc_column_inner width=&#8221;1\/3&#8243; offset=&#8221;vc_hidden-xs&#8221;][\/vc_column_inner][\/vc_row_inner][\/vc_column][\/vc_row][vc_section full_width=&#8221;stretch_row_content&#8221; css=&#8221;.vc_custom_1671492600634{background-color: #ffffff !important;}&#8221;][vc_row content_placement=&#8221;top&#8221; type=&#8221;boxed&#8221; el_class=&#8221;subheader-content&#8221; css=&#8221;.vc_custom_1692413183302{margin-right: 10% !important;margin-left: 10% !important;}&#8221;][vc_column width=&#8221;1\/2&#8243;][vc_column_text]<\/p>\n<h4><span style=\"color: #13535e;\">Installation de r\u00e9seaux internet Wi-Fi structur\u00e9s en entreprise. <\/span><\/h4>\n<h4><span style=\"color: #13535e;\">Mise en place, \u00e9quipements, configuration et gestion active incluse dans une mensualit\u00e9 raisonnable. <\/span><\/h4>\n<p><span style=\"font-weight: 400;\">L\u2019installation d\u2019un r\u00e9seau Wi-Fi dans votre entreprise vous permet de b\u00e9n\u00e9ficier d\u2019une connexion sans fil accessible o\u00f9 que vous soyez. C\u2019est un projet complexe comportant de multiples variables.\u00a0<\/span><\/p>\n<p><span style=\"font-weight: 400;\">L\u2019infrastructure de r\u00e9seau jouera un r\u00f4le majeur dans le succ\u00e8s de vos op\u00e9rations. Un r\u00e9seau informatique performant diminue les risques de pertes d\u2019efficacit\u00e9 et augmente votre rapidit\u00e9 d\u2019ex\u00e9cution. Notre \u00e9quipe veillera \u00e0 ce que votre r\u00e9seau soit toujours s\u00e9cure, rapide et optimale.\u00a0<\/span><\/p>\n<p><span style=\"font-weight: 400;\">Plusieurs \u00e9l\u00e9ments comme les mat\u00e9riaux, l\u2019espace, l\u2019\u00e9paisseur des murs, les micro-ondes et divers appareils peuvent brouiller le r\u00e9seau Wi-Fi, ainsi nous faisons les tests de couvertures et proposons une architecture r\u00e9seau optimale.\u00a0<\/span><\/p>\n<p><span style=\"font-weight: 400;\">En plus de l\u2019installation des bornes d\u2019acc\u00e8s (antennes) au r\u00e9seau Wi-Fi de votre entreprise, nous assurons la s\u00e9curisation de votre r\u00e9seau, de l\u2019authentification des utilisateurs, du param\u00e9trage et de la tra\u00e7abilit\u00e9 des connexions.<\/span>[\/vc_column_text][vc_row_inner content_placement=&#8221;middle&#8221; css=&#8221;.vc_custom_1568687611541{margin-top: -3% !important;}&#8221;][vc_column_inner][vc_column_text el_class=&#8221;text-info&#8221;]<strong>Profitez des avantages d\u2019un r\u00e9seau Wi-Fi efficace en entreprise<\/strong><\/p>\n<ul>\n<li style=\"font-weight: 400;\" aria-level=\"1\"><span style=\"font-weight: 400;\">S\u00e9curit\u00e9<\/span><\/li>\n<li style=\"font-weight: 400;\" aria-level=\"1\"><span style=\"font-weight: 400;\">Efficacit\u00e9<\/span><\/li>\n<li style=\"font-weight: 400;\" aria-level=\"1\"><span style=\"font-weight: 400;\">Automatisation des processus<\/span><\/li>\n<\/ul>\n<p>[\/vc_column_text][\/vc_column_inner][\/vc_row_inner][\/vc_column][vc_column width=&#8221;1\/2&#8243;][vc_single_image image=&#8221;1487&#8243; img_size=&#8221;full&#8221; alignment=&#8221;center&#8221; css_animation=&#8221;none&#8221;][\/vc_column][\/vc_row][\/vc_section][vc_row full_width=&#8221;stretch_row_content&#8221; css=&#8221;.vc_custom_1692236358840{background-color: #ffffff !important;}&#8221;][vc_column][vc_column_text css=&#8221;.vc_custom_1692153529507{padding-right: 8% !important;padding-left: 8% !important;}&#8221;]<\/p>\n<h4 style=\"text-align: center;\"><span style=\"color: #13535e;\">Une infrastructure r\u00e9seau adapt\u00e9e \u00e0 votre environnement de travail.<\/span><\/h4>\n<p>[\/vc_column_text][vc_row_inner gap=&#8221;20&#8243; type=&#8221;boxed&#8221; css=&#8221;.vc_custom_1671066641707{padding-right: 12% !important;padding-left: 12% !important;}&#8221; el_class=&#8221;gallery-grid&#8221;][vc_column_inner width=&#8221;1\/3&#8243;][vc_single_image image=&#8221;1466&#8243; img_size=&#8221;full&#8221; alignment=&#8221;center&#8221;][vc_btn title=&#8221;Entrep\u00f4ts&#8221; style=&#8221;custom&#8221; custom_background=&#8221;rgba(0,173,168,0.84)&#8221; custom_text=&#8221;#ffffff&#8221; shape=&#8221;round&#8221; align=&#8221;center&#8221; css=&#8221;.vc_custom_1692153570063{margin-top: -7em !important;margin-bottom: 4em !important;}&#8221; el_class=&#8221;gallery-btn&#8221;][\/vc_column_inner][vc_column_inner width=&#8221;1\/3&#8243;][vc_single_image image=&#8221;1469&#8243; img_size=&#8221;full&#8221; alignment=&#8221;center&#8221;][vc_btn title=&#8221;Bureaux&#8221; style=&#8221;custom&#8221; custom_background=&#8221;rgba(0,173,168,0.84)&#8221; custom_text=&#8221;#ffffff&#8221; shape=&#8221;round&#8221; align=&#8221;center&#8221; css=&#8221;.vc_custom_1692153577575{margin-top: -7em !important;}&#8221; el_class=&#8221;gallery-btn&#8221;][\/vc_column_inner][vc_column_inner width=&#8221;1\/3&#8243;][vc_single_image image=&#8221;1467&#8243; img_size=&#8221;full&#8221; alignment=&#8221;center&#8221;][vc_btn title=&#8221;Salle de montre&#8221; style=&#8221;custom&#8221; custom_background=&#8221;rgba(0,173,168,0.84)&#8221; custom_text=&#8221;#ffffff&#8221; shape=&#8221;round&#8221; align=&#8221;center&#8221; css=&#8221;.vc_custom_1692153589956{margin-top: -7em !important;}&#8221; el_class=&#8221;gallery-btn&#8221; link=&#8221;url:%23data|||&#8221;][\/vc_column_inner][\/vc_row_inner][vc_row_inner gap=&#8221;20&#8243; type=&#8221;boxed&#8221; css=&#8221;.vc_custom_1671066647846{padding-right: 12% !important;padding-left: 12% !important;}&#8221; el_class=&#8221;gallery-grid&#8221;][vc_column_inner width=&#8221;1\/3&#8243;][vc_single_image image=&#8221;1468&#8243; img_size=&#8221;full&#8221; alignment=&#8221;center&#8221;][vc_btn title=&#8221;Hotels&#8221; style=&#8221;custom&#8221; custom_background=&#8221;rgba(0,173,168,0.84)&#8221; custom_text=&#8221;#ffffff&#8221; shape=&#8221;round&#8221; align=&#8221;center&#8221; css=&#8221;.vc_custom_1692153601705{margin-top: -7em !important;}&#8221; el_class=&#8221;gallery-btn&#8221;][\/vc_column_inner][vc_column_inner width=&#8221;1\/3&#8243;][vc_single_image image=&#8221;1465&#8243; img_size=&#8221;full&#8221; alignment=&#8221;center&#8221;][vc_btn title=&#8221;Th\u00e9\u00e2tres&#8221; style=&#8221;custom&#8221; custom_background=&#8221;rgba(0,173,168,0.84)&#8221; custom_text=&#8221;#ffffff&#8221; shape=&#8221;round&#8221; align=&#8221;center&#8221; css=&#8221;.vc_custom_1692153632093{margin-top: -7em !important;}&#8221; el_class=&#8221;gallery-btn&#8221;][\/vc_column_inner][vc_column_inner width=&#8221;1\/3&#8243;][vc_single_image image=&#8221;1470&#8243; img_size=&#8221;full&#8221; alignment=&#8221;center&#8221;][vc_btn title=&#8221;Boutiques&#8221; style=&#8221;custom&#8221; custom_background=&#8221;rgba(0,173,168,0.84)&#8221; custom_text=&#8221;#ffffff&#8221; shape=&#8221;round&#8221; align=&#8221;center&#8221; css=&#8221;.vc_custom_1692153628289{margin-top: -7em !important;}&#8221; el_class=&#8221;gallery-btn&#8221;][\/vc_column_inner][\/vc_row_inner][vc_empty_space height=&#8221;15px&#8221;][\/vc_column][\/vc_row][vc_row full_width=&#8221;stretch_row_content_no_spaces&#8221; css=&#8221;.vc_custom_1692409157015{background: #08535d url(https:\/\/www.sy5.io\/wp-content\/uploads\/2023\/08\/wifi-router-background.jpg?id=1471) !important;background-position: center !important;background-repeat: no-repeat !important;background-size: cover !important;}&#8221;][vc_column][vc_raw_html]JTNDZGl2JTIwY2xhc3MlM0QlMjJ0cmlhbmdsZS13aGl0ZSUyMiUzRSUzQyUyRmRpdiUzRQ==[\/vc_raw_html][vc_row_inner equal_height=&#8221;yes&#8221; content_placement=&#8221;middle&#8221; type=&#8221;boxed&#8221; css=&#8221;.vc_custom_1568401247629{padding-right: 4% !important;padding-left: 4% !important;}&#8221;][vc_column_inner][vc_column_text]<\/p>\n<h3 style=\"text-align: center;\"><span style=\"color: #fcc437;\">Un tarif sur mesure.<\/span><\/h3>\n<h3 style=\"text-align: center;\"><strong><span style=\"color: #ffffff;\">\u00c0 partir de 19,95$\/mois par point d&#8217;acc\u00e8s.<\/span><\/strong><\/h3>\n<p style=\"text-align: center;\"><span style=\"font-weight: 400; color: #ffffff;\">Pour b\u00e2tir votre projet \u00ab <a  href=\"https:\/\/www.sy5.io\/fr\/obtenir-sy5\/\">Contactez nous<\/a> \u00bb<\/span><\/p>\n<p>[\/vc_column_text][vc_empty_space][\/vc_column_inner][\/vc_row_inner][\/vc_column][\/vc_row][vc_row full_width=&#8221;stretch_row_content_no_spaces&#8221; css=&#8221;.vc_custom_1673502705533{padding-right: 10% !important;padding-left: 10% !important;}&#8221;][vc_column][vc_row_inner equal_height=&#8221;yes&#8221; rtl_reverse=&#8221;yes&#8221; content_placement=&#8221;middle&#8221; type=&#8221;boxed&#8221; css=&#8221;.vc_custom_1692235487168{margin-bottom: -5% !important;}&#8221;][vc_column_inner width=&#8221;1\/3&#8243;][vc_single_image image=&#8221;1502&#8243; img_size=&#8221;full&#8221; css_animation=&#8221;bottom-to-top&#8221;][\/vc_column_inner][vc_column_inner width=&#8221;2\/3&#8243;][vc_column_text]<\/p>\n<h4><span style=\"color: #13535e;\">Soyez pr\u00eat pour L\u2019\u00e8re de l\u2019Internet des Objets<br \/>\n<\/span><\/h4>\n<p><span style=\"font-weight: 400;\">Gr\u00e2ce \u00e0 une infrastructure Wi-Fi hyper performante capable de soutenir s\u00e9curitairement des centaines de connexions en simultan\u00e9s. <\/span>[\/vc_column_text][\/vc_column_inner][\/vc_row_inner][vc_empty_space][vc_row_inner][vc_column_inner][vc_column_text css=&#8221;.vc_custom_1692410748510{padding-right: 4% !important;padding-left: 4% !important;}&#8221;]<\/p>\n<h4 style=\"text-align: center;\"><span style=\"color: #13535e;\">Une technologie infonuagique qui permet une gestion rigoureuse de\u00a0votre\u00a0r\u00e9seau. <\/span><\/h4>\n<p>[\/vc_column_text][\/vc_column_inner][\/vc_row_inner][\/vc_column][\/vc_row][vc_row full_width=&#8221;stretch_row_content_no_spaces&#8221; css=&#8221;.vc_custom_1673506894276{padding-right: 10% !important;padding-left: 10% !important;}&#8221; el_class=&#8221;icons-ideal&#8221;][vc_column][vc_row_inner content_placement=&#8221;top&#8221; css=&#8221;.vc_custom_1692410009124{padding-right: 5% !important;padding-left: 5% !important;}&#8221; el_id=&#8221;technology-section&#8221;][vc_column_inner width=&#8221;1\/4&#8243; offset=&#8221;vc_col-xs-6&#8243;][vc_single_image image=&#8221;1473&#8243; img_size=&#8221;150&#215;150&#8243; alignment=&#8221;center&#8221;][vc_column_text]<\/p>\n<h5 style=\"text-align: center;\"><strong><span style=\"color: #13535e;\">Temps d&#8217;usage<\/span><\/strong><\/h5>\n<p>[\/vc_column_text][\/vc_column_inner][vc_column_inner width=&#8221;1\/4&#8243; offset=&#8221;vc_col-xs-6&#8243;][vc_single_image image=&#8221;1474&#8243; img_size=&#8221;150&#215;150&#8243; alignment=&#8221;center&#8221;][vc_column_text]<\/p>\n<h5 style=\"text-align: center;\"><strong><span style=\"color: #13535e;\">Bande passante<\/span><\/strong><\/h5>\n<p>[\/vc_column_text][\/vc_column_inner][vc_column_inner width=&#8221;1\/4&#8243; offset=&#8221;vc_col-xs-6&#8243;][vc_single_image image=&#8221;1475&#8243; img_size=&#8221;150&#215;150&#8243; alignment=&#8221;center&#8221;][vc_column_text]<\/p>\n<h5 style=\"text-align: center;\"><strong><span style=\"color: #13535e;\">Nombre d&#8217;utilisateurs<\/span><\/strong><\/h5>\n<p>[\/vc_column_text][\/vc_column_inner][vc_column_inner width=&#8221;1\/4&#8243; offset=&#8221;vc_col-xs-6&#8243;][vc_single_image image=&#8221;1476&#8243; img_size=&#8221;150&#215;150&#8243; alignment=&#8221;center&#8221;][vc_column_text]<\/p>\n<h5 style=\"text-align: center;\"><strong><span style=\"color: #13535e;\">limitation d\u2019usage<br \/>\nmalveillant <\/span><\/strong><\/h5>\n<p>[\/vc_column_text][\/vc_column_inner][\/vc_row_inner][\/vc_column][\/vc_row][vc_row full_width=&#8221;stretch_row&#8221; css=&#8221;.vc_custom_1692413074318{background-image: url(https:\/\/www.sy5.io\/wp-content\/uploads\/2023\/02\/header-sy5-mainpage2023.jpg?id=1205) !important;background-position: center !important;background-repeat: no-repeat !important;background-size: cover !important;}&#8221;][vc_column][vc_row_inner equal_height=&#8221;yes&#8221; content_placement=&#8221;middle&#8221; type=&#8221;boxed&#8221; css=&#8221;.vc_custom_1692413273893{padding-top: 4% !important;padding-right: 4% !important;padding-bottom: 4% !important;padding-left: 4% !important;}&#8221;][vc_column_inner][vc_column_text]<\/p>\n<h3 style=\"text-align: center;\"><span style=\"color: #fcc437;\">Besoin d\u2019offrir un Wi-Fi public pour vos clients? <\/span><\/h3>\n<h5 style=\"text-align: center;\"><strong><span style=\"color: #ffffff;\">Optez pour une experience simplifi\u00e9e et s\u00e9curis\u00e9e.<br \/>\nParcourez nos solutions de <a class=\"sy5-hreflink\"  href=\"https:\/\/www.sy5.io\/fr\/wi-fi-marketing\/\">WI-FI Public. <\/a><\/span><\/strong><\/h5>\n<p>[\/vc_column_text][\/vc_column_inner][\/vc_row_inner][\/vc_column][\/vc_row][vc_row full_width=&#8221;stretch_row_content_no_spaces&#8221; css=&#8221;.vc_custom_1672365559311{background-color: #ffffff !important;}&#8221;][vc_column][vc_row_inner equal_height=&#8221;yes&#8221; content_placement=&#8221;middle&#8221; type=&#8221;boxed&#8221; css=&#8221;.vc_custom_1672365661759{margin-top: -2% !important;padding-right: 12% !important;padding-left: 12% !important;}&#8221;][vc_column_inner width=&#8221;1\/3&#8243;][vc_single_image image=&#8221;1477&#8243; img_size=&#8221;full&#8221; css_animation=&#8221;appear&#8221; el_class=&#8221;stats-img&#8221;][\/vc_column_inner][vc_column_inner width=&#8221;2\/3&#8243;][vc_column_text]<\/p>\n<h4><span style=\"color: #13535e;\">Notre solution cl\u00e9 en main et un support continue.<\/span><\/h4>\n<ul>\n<li style=\"font-weight: 400;\" aria-level=\"1\"><span style=\"font-weight: 400;\">Identification de vos besoins d\u2019affaires<\/span><\/li>\n<li style=\"font-weight: 400;\" aria-level=\"1\"><span style=\"font-weight: 400;\">Installation de votre infrastructure\u00a0<\/span><\/li>\n<li style=\"font-weight: 400;\" aria-level=\"1\"><span style=\"font-weight: 400;\">Configuration<\/span><\/li>\n<li style=\"font-weight: 400;\" aria-level=\"1\"><span style=\"font-weight: 400;\">Maintenance et support en continue <\/span><\/li>\n<\/ul>\n<p>[\/vc_column_text][\/vc_column_inner][\/vc_row_inner][\/vc_column][\/vc_row][vc_row full_width=&#8221;stretch_row_content_no_spaces&#8221; bg_type=&#8221;image&#8221; parallax_style=&#8221;vcpb-vz-jquery&#8221; bg_image_new=&#8221;id^1040|url^|caption^null|alt^null|title^sy5-connection_splashscreen2|description^null&#8221; bg_image_repeat=&#8221;no-repeat&#8221; bg_override=&#8221;full&#8221; css=&#8221;.vc_custom_1671289960502{background-image: url(https:\/\/www.sy5.io\/wp-content\/uploads\/2019\/11\/footer-expert-background-1920px.jpg?id=43) !important;background-position: center !important;background-repeat: no-repeat !important;background-size: cover !important;}&#8221; el_class=&#8221;expert-container&#8221;][vc_column offset=&#8221;vc_hidden-xs&#8221;][vc_row_inner content_placement=&#8221;middle&#8221; type=&#8221;boxed&#8221; css=&#8221;.vc_custom_1671290313379{padding-right: 10% !important;padding-left: 10% !important;}&#8221;][vc_column_inner width=&#8221;2\/3&#8243; css=&#8221;.vc_custom_1692156190328{padding-right: 15% !important;}&#8221;][vc_column_text]<\/p>\n<h2><span style=\"color: #fcc437;\">Pr\u00eat \u00e0 b\u00e2tir votre projet ?<\/span><\/h2>\n<h3><span style=\"font-weight: 400; color: #ffffff;\">Contactez nous pour une soumission sur mesure<\/span><\/h3>\n<p>[\/vc_column_text][vc_btn title=&#8221;Demandez une soumission&#8221; style=&#8221;custom&#8221; custom_background=&#8221;#fcc437&#8243; custom_text=&#8221;#704814&#8243; shape=&#8221;round&#8221; size=&#8221;lg&#8221; align=&#8221;left&#8221; css_animation=&#8221;fadeIn&#8221; link=&#8221;url:https%3A%2F%2Fwww.sy5.io%2Ffr%2Fobtenir-sy5%2F|title:Contact||&#8221;][\/vc_column_inner][vc_column_inner width=&#8221;1\/3&#8243; css=&#8221;.vc_custom_1568171620853{margin-top: -20% !important;margin-bottom: -35px !important;}&#8221;][vc_single_image image=&#8221;42&#8243; img_size=&#8221;full&#8221; css_animation=&#8221;left-to-right&#8221; el_class=&#8221;expert&#8221;][\/vc_column_inner][\/vc_row_inner][\/vc_column][\/vc_row][vc_row full_width=&#8221;stretch_row_content_no_spaces&#8221; bg_type=&#8221;image&#8221; parallax_style=&#8221;vcpb-vz-jquery&#8221; bg_image_new=&#8221;id^1040|url^|caption^null|alt^null|title^sy5-connection_splashscreen2|description^null&#8221; bg_image_repeat=&#8221;no-repeat&#8221; bg_override=&#8221;full&#8221; css=&#8221;.vc_custom_1671065563220{background-image: url(https:\/\/www.sy5.io\/wp-content\/uploads\/2019\/11\/footer-expert-background-1920px.jpg?id=43) !important;background-position: center !important;background-repeat: no-repeat !important;background-size: cover !important;}&#8221;][vc_column offset=&#8221;vc_hidden-lg vc_hidden-md vc_hidden-sm&#8221;][vc_row_inner content_placement=&#8221;middle&#8221; type=&#8221;boxed&#8221; css=&#8221;.vc_custom_1568172110237{padding-right: 12% !important;padding-left: 12% !important;}&#8221;][vc_column_inner][vc_column_text]<\/p>\n<h3 style=\"text-align: center;\"><span style=\"color: #fcc437;\">Pr\u00eat \u00e0 b\u00e2tir votre projet ?<\/span><\/h3>\n<p style=\"text-align: center;\"><span style=\"font-weight: 400; color: #ffffff;\">Contactez nous pour une soumission sur mesure<\/span><\/p>\n<p>[\/vc_column_text][vc_btn title=&#8221;Demandez une soumission&#8221; style=&#8221;custom&#8221; custom_background=&#8221;#fcc437&#8243; custom_text=&#8221;#704814&#8243; shape=&#8221;round&#8221; align=&#8221;center&#8221; css_animation=&#8221;fadeIn&#8221; link=&#8221;url:https%3A%2F%2Fwww.sy5.io%2Ffr%2Fobtenir-sy5%2F|title:Contact||&#8221;][vc_single_image image=&#8221;42&#8243; img_size=&#8221;full&#8221; alignment=&#8221;center&#8221; css_animation=&#8221;bottom-to-top&#8221; el_class=&#8221;expert&#8221; css=&#8221;.vc_custom_1692409311814{margin-bottom: -0.5% !important;}&#8221;][\/vc_column_inner][\/vc_row_inner][\/vc_column][\/vc_row]<\/p>","protected":false},"excerpt":{"rendered":"<p>[vc_row full_width=&#8221;stretch_row_content&#8221; content_placement=&#8221;middle&#8221; height=&#8221;500px&#8221; columns_height=&#8221;adjust_cols_height&#8221; bg_type=&#8221;image&#8221; parallax_style=&#8221;vcpb-default&#8221; bg_image_new=&#8221;id^995|url^|caption^null|alt^null|title^sy5-table-phone-social_background|description^null&#8221; bg_override=&#8221;full&#8221; css=&#8221;.vc_custom_1692231741647{background-image: url(https:\/\/www.sy5events.com\/wp-content\/uploads\/2023\/08\/header-sy5-wifi-installation.jpg?id=364) !important;background-position: center !important;background-repeat: no-repeat !important;background-size: cover !important;}&#8221;][vc_column][vc_row_inner content_placement=&#8221;middle&#8221; type=&#8221;boxed&#8221; css=&#8221;.vc_custom_1671170170003{padding-top: 2% !important;padding-right: 8% !important;padding-bottom: 2% !important;padding-left: 8% !important;}&#8221;][vc_column_inner width=&#8221;2\/3&#8243; css=&#8221;.vc_custom_1568166873613{margin-top: 10% !important;margin-bottom: 3% !important;}&#8221;][vc_custom_heading text=&#8221;Solutions TI &amp; r\u00e9seaux internet structur\u00e9s pour petites et grandes entreprises.&#8221; font_container=&#8221;tag:h1|font_size:45px|text_align:left|color:%23ffffff&#8221; google_fonts=&#8221;font_family:Roboto%3A100%2C100italic%2C300%2C300italic%2Cregular%2Citalic%2C500%2C500italic%2C700%2C700italic%2C900%2C900italic|font_style:900%20bold%20regular%3A900%3Anormal&#8221; css_animation=&#8221;bottom-to-top&#8221; el_id=&#8221;main-h1&#8243; el_class=&#8221;main-h1&#8243;][vc_btn title=&#8221;OBTENIR UN DEVIS&#8221; style=&#8221;custom&#8221; [&hellip;]<\/p>\n","protected":false},"author":1,"featured_media":0,"parent":0,"menu_order":0,"comment_status":"closed","ping_status":"closed","template":"page-full-width.php","meta":{"inline_featured_image":false,"_links_to":"","_links_to_target":""},"yoast_head":"<!-- This site is optimized with the Yoast SEO plugin v14.7 - https:\/\/yoast.com\/wordpress\/plugins\/seo\/ -->\n<title>Wi-Fi pour entreprises - SY5 Wi-Fi Marketing<\/title>\n<meta name=\"robots\" content=\"index, follow\" \/>\n<meta name=\"googlebot\" content=\"index, follow, max-snippet:-1, max-image-preview:large, max-video-preview:-1\" \/>\n<meta name=\"bingbot\" content=\"index, follow, max-snippet:-1, max-image-preview:large, max-video-preview:-1\" \/>\n<link rel=\"canonical\" href=\"https:\/\/www.sy5.io\/\" \/>\n<meta property=\"og:locale\" content=\"fr_CA\" \/>\n<meta property=\"og:type\" content=\"article\" \/>\n<meta property=\"og:title\" content=\"Wi-Fi pour entreprises - SY5 Wi-Fi Marketing\" \/>\n<meta property=\"og:description\" content=\"[vc_row full_width=&#8221;stretch_row_content&#8221; content_placement=&#8221;middle&#8221; height=&#8221;500px&#8221; columns_height=&#8221;adjust_cols_height&#8221; bg_type=&#8221;image&#8221; parallax_style=&#8221;vcpb-default&#8221; bg_image_new=&#8221;id^995|url^|caption^null|alt^null|title^sy5-table-phone-social_background|description^null&#8221; bg_override=&#8221;full&#8221; css=&#8221;.vc_custom_1692231741647{background-image: url(https:\/\/www.sy5events.com\/wp-content\/uploads\/2023\/08\/header-sy5-wifi-installation.jpg?id=364) !important;background-position: center !important;background-repeat: no-repeat !important;background-size: cover !important;}&#8221;][vc_column][vc_row_inner content_placement=&#8221;middle&#8221; type=&#8221;boxed&#8221; css=&#8221;.vc_custom_1671170170003{padding-top: 2% !important;padding-right: 8% !important;padding-bottom: 2% !important;padding-left: 8% !important;}&#8221;][vc_column_inner width=&#8221;2\/3&#8243; css=&#8221;.vc_custom_1568166873613{margin-top: 10% !important;margin-bottom: 3% !important;}&#8221;][vc_custom_heading text=&#8221;Solutions TI &amp; r\u00e9seaux internet structur\u00e9s pour petites et grandes entreprises.&#8221; font_container=&#8221;tag:h1|font_size:45px|text_align:left|color:%23ffffff&#8221; google_fonts=&#8221;font_family:Roboto%3A100%2C100italic%2C300%2C300italic%2Cregular%2Citalic%2C500%2C500italic%2C700%2C700italic%2C900%2C900italic|font_style:900%20bold%20regular%3A900%3Anormal&#8221; css_animation=&#8221;bottom-to-top&#8221; el_id=&#8221;main-h1&#8243; el_class=&#8221;main-h1&#8243;][vc_btn title=&#8221;OBTENIR UN DEVIS&#8221; style=&#8221;custom&#8221; [&hellip;]\" \/>\n<meta property=\"og:url\" content=\"https:\/\/www.sy5.io\/\" \/>\n<meta property=\"og:site_name\" content=\"SY5 Wi-Fi Marketing\" \/>\n<meta property=\"article:modified_time\" content=\"2023-08-31T15:05:44+00:00\" \/>\n<meta name=\"twitter:card\" content=\"summary_large_image\" \/>\n<script type=\"application\/ld+json\" class=\"yoast-schema-graph\">{\"@context\":\"https:\/\/schema.org\",\"@graph\":[{\"@type\":\"WebSite\",\"@id\":\"https:\/\/www.sy5.io\/fr\/#website\",\"url\":\"https:\/\/www.sy5.io\/fr\/\",\"name\":\"SY5 Wi-Fi Marketing\",\"description\":\"Wi-fi marketing for restaurants, venues and events. Send email campaigns with our integrated platform.\",\"potentialAction\":[{\"@type\":\"SearchAction\",\"target\":\"https:\/\/www.sy5.io\/fr\/?s={search_term_string}\",\"query-input\":\"required name=search_term_string\"}],\"inLanguage\":\"fr-CA\"},{\"@type\":\"WebPage\",\"@id\":\"https:\/\/www.sy5.io\/#webpage\",\"url\":\"https:\/\/www.sy5.io\/\",\"name\":\"Wi-Fi pour entreprises - SY5 Wi-Fi Marketing\",\"isPartOf\":{\"@id\":\"https:\/\/www.sy5.io\/fr\/#website\"},\"datePublished\":\"2023-08-19T01:41:00+00:00\",\"dateModified\":\"2023-08-31T15:05:44+00:00\",\"inLanguage\":\"fr-CA\",\"potentialAction\":[{\"@type\":\"ReadAction\",\"target\":[\"https:\/\/www.sy5.io\/\"]}]}]}<\/script>\n<!-- \/ Yoast SEO plugin. -->","_links":{"self":[{"href":"https:\/\/www.sy5.io\/fr\/wp-json\/wp\/v2\/pages\/1464"}],"collection":[{"href":"https:\/\/www.sy5.io\/fr\/wp-json\/wp\/v2\/pages"}],"about":[{"href":"https:\/\/www.sy5.io\/fr\/wp-json\/wp\/v2\/types\/page"}],"author":[{"embeddable":true,"href":"https:\/\/www.sy5.io\/fr\/wp-json\/wp\/v2\/users\/1"}],"replies":[{"embeddable":true,"href":"https:\/\/www.sy5.io\/fr\/wp-json\/wp\/v2\/comments?post=1464"}],"version-history":[{"count":41,"href":"https:\/\/www.sy5.io\/fr\/wp-json\/wp\/v2\/pages\/1464\/revisions"}],"predecessor-version":[{"id":1531,"href":"https:\/\/www.sy5.io\/fr\/wp-json\/wp\/v2\/pages\/1464\/revisions\/1531"}],"wp:attachment":[{"href":"https:\/\/www.sy5.io\/fr\/wp-json\/wp\/v2\/media?parent=1464"}],"curies":[{"name":"wp","href":"https:\/\/api.w.org\/{rel}","templated":true}]}}