{"id":166,"date":"2019-11-18T02:30:16","date_gmt":"2019-11-18T02:30:16","guid":{"rendered":"https:\/\/www.sy5.io\/fr\/?page_id=166"},"modified":"2019-11-18T02:36:21","modified_gmt":"2019-11-18T02:36:21","slug":"restauration","status":"publish","type":"page","link":"https:\/\/www.sy5.io\/fr\/restaurants\/","title":{"rendered":"Restauration"},"content":{"rendered":"<p><\/p>\n<p>[vc_row content_placement=&#8221;middle&#8221; height=&#8221;500px&#8221; columns_height=&#8221;adjust_cols_height&#8221; bg_type=&#8221;image&#8221; parallax_style=&#8221;vcpb-default&#8221; bg_image_new=&#8221;id^995|url^|caption^null|alt^null|title^sy5-table-phone-social_background|description^null&#8221; bg_override=&#8221;full&#8221; css=&#8221;.vc_custom_1574043841748{background-image: url(https:\/\/www.sy5.io\/wp-content\/uploads\/2019\/11\/restauration_header.jpg?id=167) !important;background-position: center !important;background-repeat: no-repeat !important;background-size: cover !important;}&#8221;][vc_column][vc_row_inner type=&#8221;boxed&#8221; css=&#8221;.vc_custom_1568166934356{padding-right: 8% !important;padding-left: 8% !important;}&#8221;][vc_column_inner width=&#8221;2\/3&#8243; css=&#8221;.vc_custom_1568166873613{margin-top: 10% !important;margin-bottom: 3% !important;}&#8221;][vc_custom_heading text=&#8221;Une solution pour restaurants, caf\u00e9s et bars&#8221; font_container=&#8221;tag:h2|font_size:28px|text_align:left|color:%23e8b423&#8243; google_fonts=&#8221;font_family:Roboto%3A100%2C100italic%2C300%2C300italic%2Cregular%2Citalic%2C500%2C500italic%2C700%2C700italic%2C900%2C900italic|font_style:500%20bold%20regular%3A500%3Anormal&#8221; css_animation=&#8221;fadeIn&#8221; el_class=&#8221;main-h1&#8243;][vc_custom_heading text=&#8221;Vous offrez le Wi-Fi \u00e0 vos clients?<br \/>\nTirez-en le maximum&#8221; font_container=&#8221;tag:h1|font_size:38px|text_align:left|color:%23ffffff&#8221; google_fonts=&#8221;font_family:Roboto%3A100%2C100italic%2C300%2C300italic%2Cregular%2Citalic%2C500%2C500italic%2C700%2C700italic%2C900%2C900italic|font_style:900%20bold%20regular%3A900%3Anormal&#8221; css_animation=&#8221;bottom-to-top&#8221; el_id=&#8221;main-h1&#8243; el_class=&#8221;main-h1&#8243;][vc_empty_space height=&#8221;30px&#8221;][\/vc_column_inner][vc_column_inner width=&#8221;1\/3&#8243;][vc_single_image image=&#8221;39&#8243; img_size=&#8221;full&#8221; alignment=&#8221;center&#8221; css_animation=&#8221;bounceInUp&#8221; el_id=&#8221;icone-event&#8221; el_class=&#8221;icone-event&#8221; css=&#8221;.vc_custom_1574043855535{padding-top: 10% !important;padding-right: 10% !important;padding-left: 10% !important;}&#8221;][\/vc_column_inner][\/vc_row_inner][\/vc_column][\/vc_row][vc_row css=&#8221;.vc_custom_1568524020451{background-color: #ffffff !important;}&#8221;][vc_column][vc_row_inner equal_height=&#8221;yes&#8221; type=&#8221;boxed&#8221; css=&#8221;.vc_custom_1568087489928{padding-right: 7% !important;padding-left: 7% !important;}&#8221;][vc_column_inner width=&#8221;1\/4&#8243;][vc_column_text css_animation=&#8221;bottom-to-top&#8221;]<\/p>\n<h5 style=\"text-align: center;\"><span style=\"color: #13535e;\"><strong><img loading=\"lazy\" class=\"aligncenter wp-image-1095\" src=\"https:\/\/sy5.io\/wp-content\/uploads\/2019\/11\/wifi-icon-300x300.png\" alt=\"\" width=\"160\" height=\"160\" \/><br \/>\n<\/strong><\/span><span style=\"color: #13535e;\">Offrez le Wi-Fi \u00e0\u00a0vos\u00a0clients<\/span><\/h5>\n<p style=\"text-align: center;\">Vos clients veulent une connexion Wi-Fi gratuite. Offrez-leur via un portail simple \u00e0 l\u2019image de votre commerce. Fini les mots de passe!<\/p>\n<p>[\/vc_column_text][\/vc_column_inner][vc_column_inner width=&#8221;1\/4&#8243;][vc_column_text css_animation=&#8221;bottom-to-top&#8221;]<\/p>\n<h5 style=\"text-align: center;\"><span style=\"color: #13535e;\"><img loading=\"lazy\" class=\"aligncenter wp-image-1097\" src=\"https:\/\/sy5.io\/wp-content\/uploads\/2019\/11\/icone-share-300x300.png\" alt=\"\" width=\"160\" height=\"160\" \/><br \/>\n<\/span><span style=\"color: #13535e;\">Collectez leurs informations<\/span><\/h5>\n<p style=\"text-align: center;\">Ils se connectent \u00e0 l\u2019aide de leur adresse courriel ou compte social (Facebook, Instagram, etc.). Vous allez ainsi cr\u00e9er une base de donn\u00e9es clients.<\/p>\n<p>[\/vc_column_text][\/vc_column_inner][vc_column_inner width=&#8221;1\/4&#8243;][vc_column_text css_animation=&#8221;bottom-to-top&#8221;]<\/p>\n<h5 style=\"text-align: center;\"><span style=\"color: #13535e;\"><img loading=\"lazy\" class=\"aligncenter wp-image-1098\" src=\"https:\/\/sy5.io\/wp-content\/uploads\/2019\/11\/icone-loud-300x300.png\" alt=\"\" width=\"160\" height=\"160\" \/><br \/>\n<\/span><span style=\"color: #13535e;\">G\u00e9n\u00e9rez de la publicit\u00e9<br \/>\n<\/span><\/h5>\n<p style=\"text-align: center;\">Votre portail Wi-Fi propose \u00e0 vos visiteurs de parler de vous sur les r\u00e9seaux sociaux et \u00e0 vous suivre. Vos clients satisfaits inviteront leurs ami(e)s chez vous.<\/p>\n<p>[\/vc_column_text][\/vc_column_inner][vc_column_inner width=&#8221;1\/4&#8243;][vc_column_text css_animation=&#8221;bottom-to-top&#8221;]<\/p>\n<h5 style=\"text-align: center;\"><span style=\"color: #13535e;\"><img loading=\"lazy\" class=\"aligncenter wp-image-1096\" src=\"https:\/\/sy5.io\/wp-content\/uploads\/2019\/11\/icone-thumb-300x300.png\" alt=\"\" width=\"160\" height=\"160\" \/><br \/>\n<\/span><span style=\"color: #13535e;\">Fid\u00e9lisez et r\u00e9compensez<\/span><\/h5>\n<p style=\"text-align: center;\">Recontactez vos clients automatiquement par courriel et envoyez leur des sondages ou des promotions cibl\u00e9es. 65% reviendront.<\/p>\n<p>[\/vc_column_text][\/vc_column_inner][\/vc_row_inner][vc_empty_space][\/vc_column][\/vc_row][vc_row full_width=&#8221;stretch_row&#8221; bg_type=&#8221;image&#8221; parallax_style=&#8221;vcpb-default&#8221; bg_image_new=&#8221;id^1182|url^|caption^null|alt^null|title^background-grey|description^null&#8221; bg_image_repeat=&#8221;no-repeat&#8221; bg_img_attach=&#8221;fixed&#8221; bg_override=&#8221;full&#8221; css=&#8221;.vc_custom_1574043869655{background: #f2f2f2 url(https:\/\/www.sy5.io\/wp-content\/uploads\/2019\/11\/background-grey.jpg?id=40) !important;background-position: center !important;background-repeat: no-repeat !important;background-size: cover !important;}&#8221;][vc_column][vc_row_inner type=&#8221;boxed&#8221;][vc_column_inner][vc_raw_html]JTNDZGl2JTIwY2xhc3MlM0QlMjJ0cmlhbmdsZSUyMiUzRSUzQyUyRmRpdiUzRQ==[\/vc_raw_html][\/vc_column_inner][\/vc_row_inner][vc_row_inner content_placement=&#8221;middle&#8221; type=&#8221;boxed&#8221; css=&#8221;.vc_custom_1574044240951{margin-top: 5% !important;margin-bottom: 5% !important;padding-right: 10% !important;padding-left: 10% !important;}&#8221;][vc_column_inner width=&#8221;1\/2&#8243;][vc_single_image image=&#8221;68&#8243; img_size=&#8221;full&#8221; css_animation=&#8221;bottom-to-top&#8221;][\/vc_column_inner][vc_column_inner width=&#8221;1\/2&#8243; css=&#8221;.vc_custom_1574043931185{background-image: url(https:\/\/www.sy5.io\/wp-content\/uploads\/2019\/11\/Number-1-bkg1.png?id=69) !important;background-position: center !important;background-repeat: no-repeat !important;background-size: cover !important;}&#8221;][vc_column_text]<\/p>\n<h4><span style=\"color: #13535e;\">Recevez et installez notre \u00e9quipement<\/span><\/h4>\n<p>Nous vous ferons parvenir un point d\u2019acc\u00e8s SY5 ainsi qu\u2019un guide d\u2019installation tr\u00e8s facile \u00e0 suivre. Notre \u00e9quipement\u00a0n\u2019affecte aucunement votre infrastructure d\u00e9j\u00e0 en place et vous n\u2019aurez rien \u00e0 configurer. Il vous suffit de le brancher pour augmenter votre visibilit\u00e9 et votre client\u00e8le![\/vc_column_text][\/vc_column_inner][\/vc_row_inner][\/vc_column][\/vc_row][vc_row full_width=&#8221;stretch_row&#8221; content_placement=&#8221;bottom&#8221; css=&#8221;.vc_custom_1487991533962{background-color: #f2f2f2 !important;}&#8221;][vc_column][vc_row_inner equal_height=&#8221;yes&#8221; content_placement=&#8221;middle&#8221; css=&#8221;.vc_custom_1569601525888{padding-top: -3% !important;padding-right: 12% !important;padding-left: 12% !important;}&#8221;][vc_column_inner width=&#8221;1\/2&#8243; css=&#8221;.vc_custom_1574043977913{background-image: url(https:\/\/www.sy5.io\/wp-content\/uploads\/2019\/11\/Number-2-bkg2-1.png?id=71) !important;background-position: center !important;background-repeat: no-repeat !important;background-size: cover !important;}&#8221;][vc_column_text css=&#8221;.vc_custom_1509558889745{background-position: center !important;background-repeat: no-repeat !important;background-size: cover !important;}&#8221;]<\/p>\n<h4><span style=\"color: #13535e;\">Personnalisez l\u2019exp\u00e9rience<br \/>\nde vos clients<\/span><\/h4>\n<p>Proposez un\u00a0portail Wi-Fi aux couleurs de votre restaurant.<\/p>\n<p>Exposez vos clients \u00e0 des publicit\u00e9s et promotions pour augmenter vos ventes.<\/p>\n<p>Engagez vos clients directement en cr\u00e9ant un lien lorsqu\u2019ils se connectent \u00e0 votre portail.[\/vc_column_text][\/vc_column_inner][vc_column_inner width=&#8221;1\/2&#8243; css=&#8221;.vc_custom_1568425932302{background-position: center !important;background-repeat: no-repeat !important;background-size: contain !important;}&#8221;][vc_single_image image=&#8221;20&#8243; img_size=&#8221;full&#8221; css_animation=&#8221;bottom-to-top&#8221; el_id=&#8221;cellphone-clebard&#8221; el_class=&#8221;cellphone-clebard&#8221; css=&#8221;.vc_custom_1574043963211{margin-bottom: -10% !important;}&#8221;][\/vc_column_inner][\/vc_row_inner][\/vc_column][\/vc_row][vc_row full_width=&#8221;stretch_row&#8221; bg_type=&#8221;image&#8221; parallax_style=&#8221;vcpb-default&#8221; bg_image_new=&#8221;id^1182|url^|caption^null|alt^null|title^background-grey|description^null&#8221; bg_image_repeat=&#8221;no-repeat&#8221; bg_img_attach=&#8221;fixed&#8221; bg_override=&#8221;full&#8221; css=&#8221;.vc_custom_1574044008186{background: #f2f2f2 url(https:\/\/www.sy5.io\/wp-content\/uploads\/2019\/11\/background-grey.jpg?id=40) !important;background-position: center !important;background-repeat: no-repeat !important;background-size: cover !important;}&#8221;][vc_column][vc_row_inner equal_height=&#8221;yes&#8221; content_placement=&#8221;middle&#8221; type=&#8221;boxed&#8221; css=&#8221;.vc_custom_1487991936889{padding-right: 10% !important;padding-left: 10% !important;}&#8221;][vc_column_inner width=&#8221;1\/2&#8243;][vc_single_image image=&#8221;168&#8243; img_size=&#8221;600&#215;600&#8243; alignment=&#8221;center&#8221; css_animation=&#8221;appear&#8221;][\/vc_column_inner][vc_column_inner width=&#8221;1\/2&#8243; css=&#8221;.vc_custom_1574044064350{background-image: url(https:\/\/www.sy5.io\/wp-content\/uploads\/2019\/11\/Number-3-bkg.png?id=73) !important;background-position: center !important;background-repeat: no-repeat !important;background-size: cover !important;}&#8221;][vc_column_text]<\/p>\n<h4><span style=\"color: #13535e;\">Faites de vos clients des ambassadeurs et profitez du bouche\u2011\u00e0\u2011oreille!<\/span><\/h4>\n<p>En se connectant au Wi-Fi avec portail SY5, vos clients sont invit\u00e9s \u00e0 indiquer leur pr\u00e9sence chez vous sur leur page Facebook et \u00e0 laisser un bon commentaire.<\/p>\n<p>Vos clients font un \u00ab check-in \u00bb dans votre \u00e9tablissement, informant du m\u00eame coup des centaines de leurs ami(e)s \u2013 existe-t-il une meilleure publicit\u00e9 que le bouche-\u00e0-oreille?[\/vc_column_text][\/vc_column_inner][\/vc_row_inner][vc_empty_space height=&#8221;12px&#8221;][\/vc_column][\/vc_row][vc_row full_width=&#8221;stretch_row&#8221; content_placement=&#8221;middle&#8221; css=&#8221;.vc_custom_1487995933239{background-color: #f2f2f2 !important;}&#8221;][vc_column][vc_row_inner equal_height=&#8221;yes&#8221; content_placement=&#8221;middle&#8221; css=&#8221;.vc_custom_1489198090832{margin-top: 3% !important;margin-bottom: 3% !important;padding-right: 12% !important;padding-left: 12% !important;}&#8221;][vc_column_inner width=&#8221;1\/2&#8243; css=&#8221;.vc_custom_1574044086973{background-image: url(https:\/\/www.sy5.io\/wp-content\/uploads\/2019\/11\/Number-4-bkg.png?id=75) !important;background-position: center !important;background-repeat: no-repeat !important;background-size: cover !important;}&#8221;][vc_column_text]<\/p>\n<h4><span style=\"color: #13535e;\">Laissez aller vos campagnes automatis\u00e9es pour booster votre marketing !<\/span><\/h4>\n<p>[\/vc_column_text][vc_column_text]Apprenez tous sur vos clients les plus fid\u00e8les!<\/p>\n<p>De leur pr\u00e9nom \u00e0 leur adresse courriel jusqu&#8217;aux habitudes de consommation et fr\u00e9quence de leurs visites, profitez de vos tableaux de bords pour mieux cibler vos clients.<\/p>\n<p>Chaque nouveaux clients s\u2019ajoutent \u00e0 vos bases de marketing afin que vous puissiez les recontacter ensuite avec des promotions cibl\u00e9es!<\/p>\n<p>&nbsp;<\/p>\n<p>[\/vc_column_text][vc_empty_space][\/vc_column_inner][vc_column_inner width=&#8221;1\/2&#8243;][vc_single_image image=&#8221;74&#8243; img_size=&#8221;full&#8221;][\/vc_column_inner][\/vc_row_inner][\/vc_column][\/vc_row][vc_row bg_type=&#8221;image&#8221; parallax_style=&#8221;vcpb-vz-jquery&#8221; bg_image_new=&#8221;id^1040|url^|caption^null|alt^null|title^sy5-connection_splashscreen2|description^null&#8221; bg_image_repeat=&#8221;no-repeat&#8221; bg_override=&#8221;full&#8221; css=&#8221;.vc_custom_1574044099523{background-image: url(https:\/\/www.sy5.io\/wp-content\/uploads\/2019\/11\/footer-expert-background-1920px.jpg?id=43) !important;background-position: center !important;background-repeat: no-repeat !important;background-size: cover !important;}&#8221;][vc_column offset=&#8221;vc_hidden-xs&#8221;][vc_row_inner content_placement=&#8221;middle&#8221; type=&#8221;boxed&#8221; css=&#8221;.vc_custom_1568169192743{padding-right: 8% !important;padding-left: 8% !important;}&#8221;][vc_column_inner width=&#8221;2\/3&#8243;][vc_column_text]<span style=\"color: #fcc437; font-size: 1.8em; line-height: 1.4em; font-family: roboto;\">La disponibilit\u00e9 du Wi-Fi influence<br \/>\n<strong>64%<\/strong> des gens dans leur <strong>choix d\u2019un restaurant<\/strong><\/span>[\/vc_column_text][vc_btn title=&#8221;OBTENIR SY5&#8243; style=&#8221;custom&#8221; custom_background=&#8221;#ffffff&#8221; custom_text=&#8221;#13535e&#8221; shape=&#8221;round&#8221; size=&#8221;lg&#8221; align=&#8221;left&#8221; link=&#8221;url:https%3A%2F%2Fwww.sy5.io%2Ffr%2Fobtenir-sy5|title:Contact||&#8221;][\/vc_column_inner][vc_column_inner width=&#8221;1\/3&#8243; css=&#8221;.vc_custom_1568171620853{margin-top: -20% !important;margin-bottom: -35px !important;}&#8221;][vc_single_image image=&#8221;42&#8243; img_size=&#8221;full&#8221; css_animation=&#8221;left-to-right&#8221; el_class=&#8221;expert&#8221;][\/vc_column_inner][\/vc_row_inner][\/vc_column][\/vc_row][vc_row bg_type=&#8221;image&#8221; parallax_style=&#8221;vcpb-vz-jquery&#8221; bg_image_new=&#8221;id^1040|url^|caption^null|alt^null|title^sy5-connection_splashscreen2|description^null&#8221; bg_image_repeat=&#8221;no-repeat&#8221; bg_override=&#8221;full&#8221; css=&#8221;.vc_custom_1574044131539{background-image: url(https:\/\/www.sy5.io\/wp-content\/uploads\/2019\/11\/footer-expert-background-1920px.jpg?id=43) !important;background-position: center !important;background-repeat: no-repeat !important;background-size: cover !important;}&#8221;][vc_column offset=&#8221;vc_hidden-lg vc_hidden-md vc_hidden-sm&#8221;][vc_row_inner content_placement=&#8221;middle&#8221; type=&#8221;boxed&#8221; css=&#8221;.vc_custom_1568172110237{padding-right: 12% !important;padding-left: 12% !important;}&#8221;][vc_column_inner][vc_column_text]<\/p>\n<p style=\"text-align: center;\"><span style=\"color: #fcc437; font-size: 1.8em; line-height: 1.4em; font-family: roboto;\">La disponibilit\u00e9 du Wi-Fi influence<br \/>\n<strong>64%<\/strong> des gens dans leur <strong>choix d\u2019un restaurant<\/strong><\/span><\/p>\n<p>[\/vc_column_text][vc_btn title=&#8221;OBTENIR SY5&#8243; style=&#8221;custom&#8221; custom_background=&#8221;#ffffff&#8221; custom_text=&#8221;#13535e&#8221; shape=&#8221;round&#8221; size=&#8221;lg&#8221; align=&#8221;center&#8221; link=&#8221;url:https%3A%2F%2Fwww.sy5.io%2Ffr%2Fobtenir-sy5|title:Contact||&#8221;][vc_single_image image=&#8221;42&#8243; img_size=&#8221;full&#8221; alignment=&#8221;center&#8221; css_animation=&#8221;bottom-to-top&#8221; el_class=&#8221;expert&#8221; css=&#8221;.vc_custom_1574044150078{margin-bottom: -0.01% !important;}&#8221;][\/vc_column_inner][\/vc_row_inner][\/vc_column][\/vc_row]<\/p>\n<p><\/p>","protected":false},"excerpt":{"rendered":"<p>[vc_row content_placement=&#8221;middle&#8221; height=&#8221;500px&#8221; columns_height=&#8221;adjust_cols_height&#8221; bg_type=&#8221;image&#8221; parallax_style=&#8221;vcpb-default&#8221; bg_image_new=&#8221;id^995|url^|caption^null|alt^null|title^sy5-table-phone-social_background|description^null&#8221; bg_override=&#8221;full&#8221; css=&#8221;.vc_custom_1574043841748{background-image: url(https:\/\/www.sy5.io\/wp-content\/uploads\/2019\/11\/restauration_header.jpg?id=167) !important;background-position: center !important;background-repeat: no-repeat !important;background-size: cover !important;}&#8221;][vc_column][vc_row_inner type=&#8221;boxed&#8221; css=&#8221;.vc_custom_1568166934356{padding-right: 8% !important;padding-left: 8% !important;}&#8221;][vc_column_inner width=&#8221;2\/3&#8243; css=&#8221;.vc_custom_1568166873613{margin-top: 10% !important;margin-bottom: 3% !important;}&#8221;][vc_custom_heading text=&#8221;Une solution pour restaurants, caf\u00e9s et bars&#8221; font_container=&#8221;tag:h2|font_size:28px|text_align:left|color:%23e8b423&#8243; google_fonts=&#8221;font_family:Roboto%3A100%2C100italic%2C300%2C300italic%2Cregular%2Citalic%2C500%2C500italic%2C700%2C700italic%2C900%2C900italic|font_style:500%20bold%20regular%3A500%3Anormal&#8221; css_animation=&#8221;fadeIn&#8221; el_class=&#8221;main-h1&#8243;][vc_custom_heading text=&#8221;Vous offrez le Wi-Fi \u00e0 vos clients? Tirez-en le maximum&#8221; font_container=&#8221;tag:h1|font_size:38px|text_align:left|color:%23ffffff&#8221; google_fonts=&#8221;font_family:Roboto%3A100%2C100italic%2C300%2C300italic%2Cregular%2Citalic%2C500%2C500italic%2C700%2C700italic%2C900%2C900italic|font_style:900%20bold%20regular%3A900%3Anormal&#8221; css_animation=&#8221;bottom-to-top&#8221; el_id=&#8221;main-h1&#8243; el_class=&#8221;main-h1&#8243;][vc_empty_space [&hellip;]<\/p>\n","protected":false},"author":1,"featured_media":0,"parent":0,"menu_order":0,"comment_status":"closed","ping_status":"closed","template":"page-full-width.php","meta":{"inline_featured_image":false,"_links_to":"","_links_to_target":""},"yoast_head":"<!-- This site is optimized with the Yoast SEO plugin v14.7 - https:\/\/yoast.com\/wordpress\/plugins\/seo\/ -->\n<title>Restauration - SY5 Wi-Fi Marketing<\/title>\n<meta name=\"robots\" content=\"index, follow\" \/>\n<meta name=\"googlebot\" content=\"index, follow, max-snippet:-1, max-image-preview:large, max-video-preview:-1\" \/>\n<meta name=\"bingbot\" content=\"index, follow, max-snippet:-1, max-image-preview:large, max-video-preview:-1\" \/>\n<link rel=\"canonical\" href=\"https:\/\/www.sy5.io\/restaurants\/\" \/>\n<meta property=\"og:locale\" content=\"fr_CA\" \/>\n<meta property=\"og:type\" content=\"article\" \/>\n<meta property=\"og:title\" content=\"Restauration - SY5 Wi-Fi Marketing\" \/>\n<meta property=\"og:description\" content=\"[vc_row content_placement=&#8221;middle&#8221; height=&#8221;500px&#8221; columns_height=&#8221;adjust_cols_height&#8221; bg_type=&#8221;image&#8221; parallax_style=&#8221;vcpb-default&#8221; bg_image_new=&#8221;id^995|url^|caption^null|alt^null|title^sy5-table-phone-social_background|description^null&#8221; bg_override=&#8221;full&#8221; css=&#8221;.vc_custom_1574043841748{background-image: url(https:\/\/www.sy5.io\/wp-content\/uploads\/2019\/11\/restauration_header.jpg?id=167) !important;background-position: center !important;background-repeat: no-repeat !important;background-size: cover !important;}&#8221;][vc_column][vc_row_inner type=&#8221;boxed&#8221; css=&#8221;.vc_custom_1568166934356{padding-right: 8% !important;padding-left: 8% !important;}&#8221;][vc_column_inner width=&#8221;2\/3&#8243; css=&#8221;.vc_custom_1568166873613{margin-top: 10% !important;margin-bottom: 3% !important;}&#8221;][vc_custom_heading text=&#8221;Une solution pour restaurants, caf\u00e9s et bars&#8221; font_container=&#8221;tag:h2|font_size:28px|text_align:left|color:%23e8b423&#8243; google_fonts=&#8221;font_family:Roboto%3A100%2C100italic%2C300%2C300italic%2Cregular%2Citalic%2C500%2C500italic%2C700%2C700italic%2C900%2C900italic|font_style:500%20bold%20regular%3A500%3Anormal&#8221; css_animation=&#8221;fadeIn&#8221; el_class=&#8221;main-h1&#8243;][vc_custom_heading text=&#8221;Vous offrez le Wi-Fi \u00e0 vos clients? Tirez-en le maximum&#8221; font_container=&#8221;tag:h1|font_size:38px|text_align:left|color:%23ffffff&#8221; google_fonts=&#8221;font_family:Roboto%3A100%2C100italic%2C300%2C300italic%2Cregular%2Citalic%2C500%2C500italic%2C700%2C700italic%2C900%2C900italic|font_style:900%20bold%20regular%3A900%3Anormal&#8221; css_animation=&#8221;bottom-to-top&#8221; el_id=&#8221;main-h1&#8243; el_class=&#8221;main-h1&#8243;][vc_empty_space [&hellip;]\" \/>\n<meta property=\"og:url\" content=\"https:\/\/www.sy5.io\/restaurants\/\" \/>\n<meta property=\"og:site_name\" content=\"SY5 Wi-Fi Marketing\" \/>\n<meta property=\"article:modified_time\" content=\"2019-11-18T02:36:21+00:00\" \/>\n<meta property=\"og:image\" content=\"https:\/\/sy5.io\/wp-content\/uploads\/2019\/11\/wifi-icon-300x300.png\" \/>\n<meta name=\"twitter:card\" content=\"summary_large_image\" \/>\n<script type=\"application\/ld+json\" class=\"yoast-schema-graph\">{\"@context\":\"https:\/\/schema.org\",\"@graph\":[{\"@type\":\"WebSite\",\"@id\":\"https:\/\/www.sy5.io\/fr\/#website\",\"url\":\"https:\/\/www.sy5.io\/fr\/\",\"name\":\"SY5 Wi-Fi Marketing\",\"description\":\"Wi-fi marketing for restaurants, venues and events. Send email campaigns with our integrated platform.\",\"potentialAction\":[{\"@type\":\"SearchAction\",\"target\":\"https:\/\/www.sy5.io\/fr\/?s={search_term_string}\",\"query-input\":\"required name=search_term_string\"}],\"inLanguage\":\"fr-CA\"},{\"@type\":\"ImageObject\",\"@id\":\"https:\/\/www.sy5.io\/restaurants\/#primaryimage\",\"inLanguage\":\"fr-CA\",\"url\":\"https:\/\/sy5.io\/wp-content\/uploads\/2019\/11\/wifi-icon-300x300.png\"},{\"@type\":\"WebPage\",\"@id\":\"https:\/\/www.sy5.io\/restaurants\/#webpage\",\"url\":\"https:\/\/www.sy5.io\/restaurants\/\",\"name\":\"Restauration - SY5 Wi-Fi Marketing\",\"isPartOf\":{\"@id\":\"https:\/\/www.sy5.io\/fr\/#website\"},\"primaryImageOfPage\":{\"@id\":\"https:\/\/www.sy5.io\/restaurants\/#primaryimage\"},\"datePublished\":\"2019-11-18T02:30:16+00:00\",\"dateModified\":\"2019-11-18T02:36:21+00:00\",\"inLanguage\":\"fr-CA\",\"potentialAction\":[{\"@type\":\"ReadAction\",\"target\":[\"https:\/\/www.sy5.io\/restaurants\/\"]}]}]}<\/script>\n<!-- \/ Yoast SEO plugin. -->","_links":{"self":[{"href":"https:\/\/www.sy5.io\/fr\/wp-json\/wp\/v2\/pages\/166"}],"collection":[{"href":"https:\/\/www.sy5.io\/fr\/wp-json\/wp\/v2\/pages"}],"about":[{"href":"https:\/\/www.sy5.io\/fr\/wp-json\/wp\/v2\/types\/page"}],"author":[{"embeddable":true,"href":"https:\/\/www.sy5.io\/fr\/wp-json\/wp\/v2\/users\/1"}],"replies":[{"embeddable":true,"href":"https:\/\/www.sy5.io\/fr\/wp-json\/wp\/v2\/comments?post=166"}],"version-history":[{"count":4,"href":"https:\/\/www.sy5.io\/fr\/wp-json\/wp\/v2\/pages\/166\/revisions"}],"predecessor-version":[{"id":172,"href":"https:\/\/www.sy5.io\/fr\/wp-json\/wp\/v2\/pages\/166\/revisions\/172"}],"wp:attachment":[{"href":"https:\/\/www.sy5.io\/fr\/wp-json\/wp\/v2\/media?parent=166"}],"curies":[{"name":"wp","href":"https:\/\/api.w.org\/{rel}","templated":true}]}}