{"id":37,"date":"2019-11-17T03:04:17","date_gmt":"2019-11-17T03:04:17","guid":{"rendered":"https:\/\/www.sy5.io\/fr\/?page_id=37"},"modified":"2019-11-17T03:08:10","modified_gmt":"2019-11-17T03:08:10","slug":"agences","status":"publish","type":"page","link":"https:\/\/www.sy5.io\/fr\/agences\/","title":{"rendered":"Agences"},"content":{"rendered":"<p>[vc_row content_placement=&#8221;middle&#8221; height=&#8221;500px&#8221; columns_height=&#8221;adjust_cols_height&#8221; bg_type=&#8221;image&#8221; parallax_style=&#8221;vcpb-default&#8221; bg_image_new=&#8221;id^995|url^|caption^null|alt^null|title^sy5-table-phone-social_background|description^null&#8221; bg_override=&#8221;full&#8221; css=&#8221;.vc_custom_1573959256248{background-image: url(https:\/\/www.sy5.io\/wp-content\/uploads\/2019\/11\/header-agency.jpg?id=38) !important;background-position: center !important;background-repeat: no-repeat !important;background-size: cover !important;}&#8221;][vc_column][vc_row_inner content_placement=&#8221;middle&#8221; type=&#8221;boxed&#8221; css=&#8221;.vc_custom_1568520898829{padding-right: 8% !important;padding-left: 8% !important;}&#8221;][vc_column_inner width=&#8221;2\/3&#8243; css=&#8221;.vc_custom_1568166873613{margin-top: 10% !important;margin-bottom: 3% !important;}&#8221;][vc_custom_heading text=&#8221;Agences&#8221; font_container=&#8221;tag:h2|font_size:28px|text_align:left|color:%23e8b423&#8243; google_fonts=&#8221;font_family:Roboto%3A100%2C100italic%2C300%2C300italic%2Cregular%2Citalic%2C500%2C500italic%2C700%2C700italic%2C900%2C900italic|font_style:500%20bold%20regular%3A500%3Anormal&#8221; css_animation=&#8221;fadeIn&#8221; el_class=&#8221;main-h1&#8243;][vc_custom_heading text=&#8221;Un outil efficace \u00e0 pr\u00e9senter \u00e0 vos clients pour faire cro\u00eetre leurs communaut\u00e9s&#8221; font_container=&#8221;tag:h1|font_size:38px|text_align:left|color:%23ffffff&#8221; google_fonts=&#8221;font_family:Roboto%3A100%2C100italic%2C300%2C300italic%2Cregular%2Citalic%2C500%2C500italic%2C700%2C700italic%2C900%2C900italic|font_style:900%20bold%20regular%3A900%3Anormal&#8221; css_animation=&#8221;bottom-to-top&#8221; el_id=&#8221;main-h1&#8243; el_class=&#8221;main-h1&#8243;][vc_empty_space height=&#8221;30px&#8221;][\/vc_column_inner][vc_column_inner width=&#8221;1\/3&#8243;][vc_single_image image=&#8221;39&#8243; img_size=&#8221;full&#8221; alignment=&#8221;center&#8221; css_animation=&#8221;bounceInUp&#8221; el_id=&#8221;icone-event&#8221; el_class=&#8221;icone-event&#8221; css=&#8221;.vc_custom_1573959297056{padding-top: 10% !important;padding-right: 10% !important;padding-left: 10% !important;}&#8221;][\/vc_column_inner][\/vc_row_inner][\/vc_column][\/vc_row][vc_row css=&#8221;.vc_custom_1568524060246{background-color: #ffffff !important;}&#8221;][vc_column][vc_row_inner equal_height=&#8221;yes&#8221; type=&#8221;boxed&#8221; css=&#8221;.vc_custom_1568087489928{padding-right: 7% !important;padding-left: 7% !important;}&#8221;][vc_column_inner width=&#8221;1\/4&#8243;][vc_column_text css_animation=&#8221;bottom-to-top&#8221;]<\/p>\n<h5 style=\"text-align: center;\"><span style=\"color: #13535e;\"><img loading=\"lazy\" class=\"aligncenter wp-image-1095\" src=\"https:\/\/sy5.io\/wp-content\/uploads\/2019\/11\/wifi-icon-300x300.png\" alt=\"\" width=\"170\" height=\"170\" \/><\/span><\/h5>\n<h5 style=\"text-align: center;\"><span style=\"color: #13535e;\"><strong>Proposez une nouvelle technologie<br \/>\n<\/strong><\/span><\/h5>\n<p style=\"text-align: center;\">Les clients de tous types de commerces demandent le Wi-Fi. Proposez un portail Wi-Fi qui donnera de la valeur en retour au commer\u00e7ant.<\/p>\n<p>[\/vc_column_text][\/vc_column_inner][vc_column_inner width=&#8221;1\/4&#8243;][vc_column_text css_animation=&#8221;bottom-to-top&#8221;]<\/p>\n<h5 style=\"text-align: center;\"><span style=\"color: #13535e;\"><img loading=\"lazy\" class=\"aligncenter wp-image-1097\" src=\"https:\/\/sy5.io\/wp-content\/uploads\/2019\/11\/icone-share-300x300.png\" alt=\"\" width=\"170\" height=\"170\" \/><\/span><\/h5>\n<h5 style=\"text-align: center;\"><span style=\"color: #13535e;\"><strong>Aidez le commerce ou la marque \u00e0 rayonner<\/strong><\/span><\/h5>\n<p style=\"text-align: center;\">Via un portail Wi-Fi SY5, les visiteurs sont encourag\u00e9s \u00e0 suivre les marques sur les m\u00e9dias sociaux et \u00e0 r\u00e9f\u00e9rencer les commerces qu\u2019ils visitent.<\/p>\n<p>[\/vc_column_text][\/vc_column_inner][vc_column_inner width=&#8221;1\/4&#8243;][vc_column_text css_animation=&#8221;bottom-to-top&#8221;]<\/p>\n<h5 style=\"text-align: center;\"><span style=\"color: #13535e;\"><img loading=\"lazy\" class=\"aligncenter wp-image-1098\" src=\"https:\/\/sy5.io\/wp-content\/uploads\/2019\/11\/icone-loud-300x300.png\" alt=\"\" width=\"169\" height=\"169\" \/><\/span><\/h5>\n<h5 style=\"text-align: center;\"><span style=\"color: #13535e;\"><strong>G\u00e9n\u00e9rez des donn\u00e9es<\/strong><\/span><\/h5>\n<p style=\"text-align: center;\">Collectez les noms, adresses courriels, dates d&#8217;anniversaire et bien plus d&#8217;informations sur les visiteurs. Utilisez ces donn\u00e9es pour faire du remarketing.<\/p>\n<p>[\/vc_column_text][\/vc_column_inner][vc_column_inner width=&#8221;1\/4&#8243;][vc_column_text css_animation=&#8221;bottom-to-top&#8221;]<\/p>\n<h5 style=\"text-align: center;\"><span style=\"color: #13535e;\"><img loading=\"lazy\" class=\"aligncenter wp-image-1096\" src=\"https:\/\/sy5.io\/wp-content\/uploads\/2019\/11\/icone-thumb-300x300.png\" alt=\"\" width=\"170\" height=\"170\" \/><\/span><\/h5>\n<h5 style=\"text-align: center;\"><span style=\"color: #13535e;\"><strong>Cr\u00e9ez des campagnes marketing cibl\u00e9es<\/strong><\/span><\/h5>\n<p style=\"text-align: center;\">Cr\u00e9ez des promotions efficaces et faites revenir les clients plus souvent gr\u00e2ce aux fonctionnalit\u00e9s de campagnes marketing automatiques facile \u00e0 utiliser!<\/p>\n<p>[\/vc_column_text][\/vc_column_inner][\/vc_row_inner][vc_empty_space][\/vc_column][\/vc_row][vc_row full_width=&#8221;stretch_row&#8221; bg_type=&#8221;image&#8221; parallax_style=&#8221;vcpb-default&#8221; bg_image_new=&#8221;id^1182|url^|description^null&#8221; bg_image_repeat=&#8221;no-repeat&#8221; bg_img_attach=&#8221;fixed&#8221; bg_override=&#8221;full&#8221; css=&#8221;.vc_custom_1573959509542{background: #f2f2f2 url(https:\/\/www.sy5.io\/wp-content\/uploads\/2019\/11\/background-grey.jpg?id=40) !important;background-position: center !important;background-repeat: no-repeat !important;background-size: cover !important;}&#8221;][vc_column][vc_row_inner type=&#8221;boxed&#8221;][vc_column_inner][vc_raw_html]JTNDZGl2JTIwY2xhc3MlM0QlMjJ0cmlhbmdsZSUyMiUzRSUzQyUyRmRpdiUzRQ==[\/vc_raw_html][\/vc_column_inner][\/vc_row_inner][vc_row_inner content_placement=&#8221;middle&#8221; type=&#8221;boxed&#8221; css=&#8221;.vc_custom_1568520802341{margin-top: 5% !important;margin-bottom: 2% !important;padding-right: 10% !important;padding-left: 10% !important;}&#8221;][vc_column_inner][vc_column_text]<\/p>\n<p style=\"text-align: center;\"><span style=\"color: #4a4a4a;\"><strong>Notre solution de Wi-Fi Marketing est sp\u00e9cialement con\u00e7ue pour r\u00e9pondre aux besoins des agences publicitaires envers leurs clients. Servez-vous de notre plateforme afin de collecter des donn\u00e9es-client et optimiser vos campagnes Google, Facebook et courriels.<\/strong> <\/span><\/p>\n<p>[\/vc_column_text][\/vc_column_inner][\/vc_row_inner][vc_row_inner equal_height=&#8221;yes&#8221; content_placement=&#8221;middle&#8221; type=&#8221;boxed&#8221; css=&#8221;.vc_custom_1568521294442{padding-right: 7% !important;padding-left: 7% !important;}&#8221;][vc_column_inner width=&#8221;1\/2&#8243;][vc_single_image image=&#8221;41&#8243; img_size=&#8221;full&#8221; css_animation=&#8221;bottom-to-top&#8221; el_id=&#8221;cellphone-clebard&#8221; el_class=&#8221;cellphone-clebard&#8221;][\/vc_column_inner][vc_column_inner width=&#8221;1\/2&#8243;][vc_column_text css=&#8221;.vc_custom_1569083390356{background-position: center !important;background-repeat: no-repeat !important;background-size: cover !important;}&#8221;]<\/p>\n<h4><span style=\"color: #13535e;\">Quel que soit les objectifs strat\u00e9giques de votre plan de communication,<br \/>\nSY5 peut vous aider.<\/span><\/h4>\n<p>Une nouvelle fa\u00e7on de convertir des clients qualifi\u00e9s en abonn\u00e9s Facebook ou Instagram pour une fraction du co\u00fbt.<\/p>\n<p>Enrichir une base de donn\u00e9es de clients et obtenir des profils socio-d\u00e9mographiques pr\u00e9cis.<\/p>\n<p>Augmenter le r\u00e9f\u00e9rencement naturel des commerces sur les diff\u00e9rentes plateformes comme Google, Tripadvisor, Yelp, Facebook et autres.<\/p>\n<p>Le meilleur outil afin de g\u00e9n\u00e9rer des \u00ab\u00a0leads\u00a0\u00bb potentiels \u00e0 partir des visiteurs qui participent \u00e0 un \u00e9v\u00e9nement.[\/vc_column_text][\/vc_column_inner][\/vc_row_inner][vc_empty_space height=&#8221;12px&#8221;][\/vc_column][\/vc_row][vc_row bg_type=&#8221;image&#8221; parallax_style=&#8221;vcpb-vz-jquery&#8221; bg_image_new=&#8221;id^1040|url^|caption^null|alt^null|title^sy5-connection_splashscreen2|description^null&#8221; bg_image_repeat=&#8221;no-repeat&#8221; bg_override=&#8221;full&#8221; css=&#8221;.vc_custom_1573959732666{background-image: url(https:\/\/www.sy5.io\/wp-content\/uploads\/2019\/11\/footer-expert-background-1920px.jpg?id=43) !important;background-position: center !important;background-repeat: no-repeat !important;background-size: cover !important;}&#8221;][vc_column offset=&#8221;vc_hidden-xs&#8221;][vc_row_inner content_placement=&#8221;middle&#8221; type=&#8221;boxed&#8221; css=&#8221;.vc_custom_1568169192743{padding-right: 8% !important;padding-left: 8% !important;}&#8221;][vc_column_inner width=&#8221;2\/3&#8243;][vc_column_text css=&#8221;.vc_custom_1568520877313{padding-right: 7% !important;}&#8221;]<span style=\"color: #fcc437; font-size: 1.8em; line-height: 1.4em; font-family: roboto;\">De nombreuses agences utilisent nos solutions afin de se <strong>diff\u00e9rencier<\/strong> au niveau de leur portfolio d\u2019offres.<br \/>\n<\/span>[\/vc_column_text][vc_btn title=&#8221;OBTENIR SY5&#8243; style=&#8221;custom&#8221; custom_background=&#8221;#ffffff&#8221; custom_text=&#8221;#13535e&#8221; shape=&#8221;round&#8221; size=&#8221;lg&#8221; align=&#8221;left&#8221; link=&#8221;url:https%3A%2F%2Fsy5.io%2Ffr%2Fobtenir-sy5%2F|title:Contact||&#8221;][\/vc_column_inner][vc_column_inner width=&#8221;1\/3&#8243; css=&#8221;.vc_custom_1568171620853{margin-top: -20% !important;margin-bottom: -35px !important;}&#8221;][vc_single_image image=&#8221;42&#8243; img_size=&#8221;full&#8221; css_animation=&#8221;left-to-right&#8221; el_class=&#8221;expert&#8221;][\/vc_column_inner][\/vc_row_inner][\/vc_column][\/vc_row][vc_row bg_type=&#8221;image&#8221; parallax_style=&#8221;vcpb-vz-jquery&#8221; bg_image_new=&#8221;id^1040|url^|caption^null|alt^null|title^sy5-connection_splashscreen2|description^null&#8221; bg_image_repeat=&#8221;no-repeat&#8221; bg_override=&#8221;full&#8221; css=&#8221;.vc_custom_1573959721888{background-image: url(https:\/\/www.sy5.io\/wp-content\/uploads\/2019\/11\/footer-expert-background-1920px.jpg?id=43) !important;background-position: center !important;background-repeat: no-repeat !important;background-size: cover !important;}&#8221;][vc_column offset=&#8221;vc_hidden-lg vc_hidden-md vc_hidden-sm&#8221;][vc_row_inner content_placement=&#8221;middle&#8221; type=&#8221;boxed&#8221; css=&#8221;.vc_custom_1568172110237{padding-right: 12% !important;padding-left: 12% !important;}&#8221;][vc_column_inner][vc_column_text]<\/p>\n<p style=\"text-align: center;\"><span style=\"color: #fcc437; font-size: 1.8em; line-height: 1.4em; font-family: roboto;\">De nombreuses agences utilisent nos solutions afin de se <strong>diff\u00e9rencier<\/strong> au niveau de leur portfolio d\u2019offres.<br \/>\n<\/span><\/p>\n<p>[\/vc_column_text][vc_btn title=&#8221;OBTENIR SY5&#8243; style=&#8221;custom&#8221; custom_background=&#8221;#ffffff&#8221; custom_text=&#8221;#13535e&#8221; shape=&#8221;round&#8221; size=&#8221;lg&#8221; align=&#8221;center&#8221; link=&#8221;url:https%3A%2F%2Fsy5.io%2Ffr%2Fobtenir-sy5%2F|title:Contact||&#8221;][vc_single_image image=&#8221;42&#8243; img_size=&#8221;full&#8221; alignment=&#8221;center&#8221; css_animation=&#8221;bottom-to-top&#8221; el_class=&#8221;expert&#8221; css=&#8221;.vc_custom_1573959677891{margin-bottom: -0.01% !important;}&#8221;][\/vc_column_inner][\/vc_row_inner][\/vc_column][\/vc_row]<\/p>","protected":false},"excerpt":{"rendered":"<p>[vc_row content_placement=&#8221;middle&#8221; height=&#8221;500px&#8221; columns_height=&#8221;adjust_cols_height&#8221; bg_type=&#8221;image&#8221; parallax_style=&#8221;vcpb-default&#8221; bg_image_new=&#8221;id^995|url^|caption^null|alt^null|title^sy5-table-phone-social_background|description^null&#8221; bg_override=&#8221;full&#8221; css=&#8221;.vc_custom_1573959256248{background-image: url(https:\/\/www.sy5.io\/wp-content\/uploads\/2019\/11\/header-agency.jpg?id=38) !important;background-position: center !important;background-repeat: no-repeat !important;background-size: cover !important;}&#8221;][vc_column][vc_row_inner content_placement=&#8221;middle&#8221; type=&#8221;boxed&#8221; css=&#8221;.vc_custom_1568520898829{padding-right: 8% !important;padding-left: 8% !important;}&#8221;][vc_column_inner width=&#8221;2\/3&#8243; css=&#8221;.vc_custom_1568166873613{margin-top: 10% !important;margin-bottom: 3% !important;}&#8221;][vc_custom_heading text=&#8221;Agences&#8221; font_container=&#8221;tag:h2|font_size:28px|text_align:left|color:%23e8b423&#8243; google_fonts=&#8221;font_family:Roboto%3A100%2C100italic%2C300%2C300italic%2Cregular%2Citalic%2C500%2C500italic%2C700%2C700italic%2C900%2C900italic|font_style:500%20bold%20regular%3A500%3Anormal&#8221; css_animation=&#8221;fadeIn&#8221; el_class=&#8221;main-h1&#8243;][vc_custom_heading text=&#8221;Un outil efficace \u00e0 pr\u00e9senter \u00e0 vos clients pour faire cro\u00eetre leurs communaut\u00e9s&#8221; font_container=&#8221;tag:h1|font_size:38px|text_align:left|color:%23ffffff&#8221; google_fonts=&#8221;font_family:Roboto%3A100%2C100italic%2C300%2C300italic%2Cregular%2Citalic%2C500%2C500italic%2C700%2C700italic%2C900%2C900italic|font_style:900%20bold%20regular%3A900%3Anormal&#8221; css_animation=&#8221;bottom-to-top&#8221; el_id=&#8221;main-h1&#8243; el_class=&#8221;main-h1&#8243;][vc_empty_space height=&#8221;30px&#8221;][\/vc_column_inner][vc_column_inner width=&#8221;1\/3&#8243;][vc_single_image [&hellip;]<\/p>\n","protected":false},"author":1,"featured_media":0,"parent":0,"menu_order":0,"comment_status":"closed","ping_status":"closed","template":"page-full-width.php","meta":{"inline_featured_image":false,"_links_to":"","_links_to_target":""},"yoast_head":"<!-- This site is optimized with the Yoast SEO plugin v14.7 - https:\/\/yoast.com\/wordpress\/plugins\/seo\/ -->\n<title>Agences - SY5 Wi-Fi Marketing<\/title>\n<meta name=\"robots\" content=\"index, follow\" \/>\n<meta name=\"googlebot\" content=\"index, follow, max-snippet:-1, max-image-preview:large, max-video-preview:-1\" \/>\n<meta name=\"bingbot\" content=\"index, follow, max-snippet:-1, max-image-preview:large, max-video-preview:-1\" \/>\n<link rel=\"canonical\" href=\"https:\/\/www.sy5.io\/agencies\/\" \/>\n<meta property=\"og:locale\" content=\"fr_CA\" \/>\n<meta property=\"og:type\" content=\"article\" \/>\n<meta property=\"og:title\" content=\"Agences - SY5 Wi-Fi Marketing\" \/>\n<meta property=\"og:description\" content=\"[vc_row content_placement=&#8221;middle&#8221; height=&#8221;500px&#8221; columns_height=&#8221;adjust_cols_height&#8221; bg_type=&#8221;image&#8221; parallax_style=&#8221;vcpb-default&#8221; bg_image_new=&#8221;id^995|url^|caption^null|alt^null|title^sy5-table-phone-social_background|description^null&#8221; bg_override=&#8221;full&#8221; css=&#8221;.vc_custom_1573959256248{background-image: url(https:\/\/www.sy5.io\/wp-content\/uploads\/2019\/11\/header-agency.jpg?id=38) !important;background-position: center !important;background-repeat: no-repeat !important;background-size: cover !important;}&#8221;][vc_column][vc_row_inner content_placement=&#8221;middle&#8221; type=&#8221;boxed&#8221; css=&#8221;.vc_custom_1568520898829{padding-right: 8% !important;padding-left: 8% !important;}&#8221;][vc_column_inner width=&#8221;2\/3&#8243; css=&#8221;.vc_custom_1568166873613{margin-top: 10% !important;margin-bottom: 3% !important;}&#8221;][vc_custom_heading text=&#8221;Agences&#8221; font_container=&#8221;tag:h2|font_size:28px|text_align:left|color:%23e8b423&#8243; google_fonts=&#8221;font_family:Roboto%3A100%2C100italic%2C300%2C300italic%2Cregular%2Citalic%2C500%2C500italic%2C700%2C700italic%2C900%2C900italic|font_style:500%20bold%20regular%3A500%3Anormal&#8221; css_animation=&#8221;fadeIn&#8221; el_class=&#8221;main-h1&#8243;][vc_custom_heading text=&#8221;Un outil efficace \u00e0 pr\u00e9senter \u00e0 vos clients pour faire cro\u00eetre leurs communaut\u00e9s&#8221; font_container=&#8221;tag:h1|font_size:38px|text_align:left|color:%23ffffff&#8221; google_fonts=&#8221;font_family:Roboto%3A100%2C100italic%2C300%2C300italic%2Cregular%2Citalic%2C500%2C500italic%2C700%2C700italic%2C900%2C900italic|font_style:900%20bold%20regular%3A900%3Anormal&#8221; css_animation=&#8221;bottom-to-top&#8221; el_id=&#8221;main-h1&#8243; el_class=&#8221;main-h1&#8243;][vc_empty_space height=&#8221;30px&#8221;][\/vc_column_inner][vc_column_inner width=&#8221;1\/3&#8243;][vc_single_image [&hellip;]\" \/>\n<meta property=\"og:url\" content=\"https:\/\/www.sy5.io\/agencies\/\" \/>\n<meta property=\"og:site_name\" content=\"SY5 Wi-Fi Marketing\" \/>\n<meta property=\"article:modified_time\" content=\"2019-11-17T03:08:10+00:00\" \/>\n<meta property=\"og:image\" content=\"https:\/\/sy5.io\/wp-content\/uploads\/2019\/11\/wifi-icon-300x300.png\" \/>\n<meta name=\"twitter:card\" content=\"summary_large_image\" \/>\n<script type=\"application\/ld+json\" class=\"yoast-schema-graph\">{\"@context\":\"https:\/\/schema.org\",\"@graph\":[{\"@type\":\"WebSite\",\"@id\":\"https:\/\/www.sy5.io\/fr\/#website\",\"url\":\"https:\/\/www.sy5.io\/fr\/\",\"name\":\"SY5 Wi-Fi Marketing\",\"description\":\"Wi-fi marketing for restaurants, venues and events. Send email campaigns with our integrated platform.\",\"potentialAction\":[{\"@type\":\"SearchAction\",\"target\":\"https:\/\/www.sy5.io\/fr\/?s={search_term_string}\",\"query-input\":\"required name=search_term_string\"}],\"inLanguage\":\"fr-CA\"},{\"@type\":\"ImageObject\",\"@id\":\"https:\/\/www.sy5.io\/agencies\/#primaryimage\",\"inLanguage\":\"fr-CA\",\"url\":\"https:\/\/sy5.io\/wp-content\/uploads\/2019\/11\/wifi-icon-300x300.png\"},{\"@type\":\"WebPage\",\"@id\":\"https:\/\/www.sy5.io\/agencies\/#webpage\",\"url\":\"https:\/\/www.sy5.io\/agencies\/\",\"name\":\"Agences - SY5 Wi-Fi Marketing\",\"isPartOf\":{\"@id\":\"https:\/\/www.sy5.io\/fr\/#website\"},\"primaryImageOfPage\":{\"@id\":\"https:\/\/www.sy5.io\/agencies\/#primaryimage\"},\"datePublished\":\"2019-11-17T03:04:17+00:00\",\"dateModified\":\"2019-11-17T03:08:10+00:00\",\"inLanguage\":\"fr-CA\",\"potentialAction\":[{\"@type\":\"ReadAction\",\"target\":[\"https:\/\/www.sy5.io\/agencies\/\"]}]}]}<\/script>\n<!-- \/ Yoast SEO plugin. -->","_links":{"self":[{"href":"https:\/\/www.sy5.io\/fr\/wp-json\/wp\/v2\/pages\/37"}],"collection":[{"href":"https:\/\/www.sy5.io\/fr\/wp-json\/wp\/v2\/pages"}],"about":[{"href":"https:\/\/www.sy5.io\/fr\/wp-json\/wp\/v2\/types\/page"}],"author":[{"embeddable":true,"href":"https:\/\/www.sy5.io\/fr\/wp-json\/wp\/v2\/users\/1"}],"replies":[{"embeddable":true,"href":"https:\/\/www.sy5.io\/fr\/wp-json\/wp\/v2\/comments?post=37"}],"version-history":[{"count":2,"href":"https:\/\/www.sy5.io\/fr\/wp-json\/wp\/v2\/pages\/37\/revisions"}],"predecessor-version":[{"id":45,"href":"https:\/\/www.sy5.io\/fr\/wp-json\/wp\/v2\/pages\/37\/revisions\/45"}],"wp:attachment":[{"href":"https:\/\/www.sy5.io\/fr\/wp-json\/wp\/v2\/media?parent=37"}],"curies":[{"name":"wp","href":"https:\/\/api.w.org\/{rel}","templated":true}]}}