{"id":482,"date":"2020-04-15T11:52:48","date_gmt":"2020-04-15T15:52:48","guid":{"rendered":"https:\/\/www.sy5.io\/?page_id=482"},"modified":"2020-04-15T12:04:29","modified_gmt":"2020-04-15T16:04:29","slug":"privacy","status":"publish","type":"page","link":"https:\/\/www.sy5.io\/fr\/politique-de-confidentialite\/","title":{"rendered":"Politique de confidentialit\u00e9"},"content":{"rendered":"<p>[vc_row content_placement=&#8221;middle&#8221; height=&#8221;450px&#8221; columns_height=&#8221;adjust_cols_height&#8221; bg_type=&#8221;image&#8221; parallax_style=&#8221;vcpb-default&#8221; bg_image_new=&#8221;id^995|url^|caption^null|alt^null|title^sy5-table-phone-social_background|description^null&#8221; bg_override=&#8221;full&#8221; css=&#8221;.vc_custom_1586869909294{margin-bottom: -12% !important;background-image: url(https:\/\/www.sy5.io\/wp-content\/uploads\/2019\/11\/header-sy5-contact-trial.jpg?id=100) !important;background-position: center !important;background-repeat: no-repeat !important;background-size: cover !important;}&#8221;][vc_column][vc_row_inner type=&#8221;boxed&#8221; css=&#8221;.vc_custom_1568945296498{margin-top: -12% !important;padding-right: 12% !important;padding-left: 12% !important;}&#8221;][vc_column_inner el_class=&#8221;box-title&#8221; css=&#8221;.vc_custom_1568345450499{margin-top: 10% !important;}&#8221; el_id=&#8221;box-title&#8221;][vc_custom_heading text=&#8221;POLITIQUE DE CONFIDENTIALIT\u00c9&#8221; font_container=&#8221;tag:h1|font_size:38px|text_align:center|color:%23ffffff&#8221; google_fonts=&#8221;font_family:Roboto%3A100%2C100italic%2C300%2C300italic%2Cregular%2Citalic%2C500%2C500italic%2C700%2C700italic%2C900%2C900italic|font_style:900%20bold%20regular%3A900%3Anormal&#8221; css_animation=&#8221;bottom-to-top&#8221; el_id=&#8221;main-h1&#8243; el_class=&#8221;main-h1&#8243;][vc_empty_space][\/vc_column_inner][\/vc_row_inner][\/vc_column][\/vc_row][vc_section css=&#8221;.vc_custom_1586965598839{background-color: #ffffff !important;}&#8221;][vc_row type=&#8221;boxed&#8221; css=&#8221;.vc_custom_1586966103062{margin-bottom: -2% !important;padding-right: 8% !important;padding-left: 8% !important;}&#8221;][vc_column][vc_column_text]<span style=\"font-weight: 400;\">Nous reconnaissons que la vie priv\u00e9e est importante. La pr\u00e9sente politique de confidentialit\u00e9 s\u2019applique \u00e0 votre utilisation de la plateforme SY5 (les \u00ab services \u00bb) offerte par <\/span><b>SY5 (\u00ab SY5 \u00bb)<\/b><span style=\"font-weight: 400;\">. Nous avons pr\u00e9par\u00e9 cette politique de confidentialit\u00e9 afin de d\u00e9crire la mani\u00e8re dont nous recueillons, utilisons, divulguons et prenons autrement des informations personnelles en rapport avec les services.<\/span><\/p>\n<h3><b>Informations que nous recueillons et comment nous les utilisons<\/b><\/h3>\n<p><span style=\"font-weight: 400;\">Le terme \u00ab renseignements personnels \u00bb d\u00e9signe les renseignements sur une personne identifiable, y compris le nom, l\u2019adresse, l\u2019adresse \u00e9lectronique, le num\u00e9ro de t\u00e9l\u00e9phone et d\u2019autres informations relatives \u00e0 un individu.<\/span><\/p>\n<p><span style=\"font-weight: 400;\">Nous pouvons collecter des informations personnelles lors de:<\/span><\/p>\n<ul>\n<li style=\"font-weight: 400;\"><span style=\"font-weight: 400;\">Inscription et utilisation de nos services;<\/span><\/li>\n<li style=\"font-weight: 400;\"><span style=\"font-weight: 400;\">Inscription pour recevoir des bulletins d\u2019information et d\u2019autres communications promotionnelles;<\/span><\/li>\n<li style=\"font-weight: 400;\"><span style=\"font-weight: 400;\">Contact avec un commentaire, une question ou une plainte.<\/span><\/li>\n<\/ul>\n<p><b>Service WiFi: <\/b><span style=\"font-weight: 400;\">Afin d\u2019utiliser les services, vous devez \u00eatre \u00e2g\u00e9 d\u2019au moins 13 ans. Vous pouvez \u00eatre invit\u00e9 \u00e0 vous inscrire en connectant votre profil de m\u00e9dias sociaux \u00e0 partir de l\u2019un des sites Web tiers suivants: Facebook, Twitter, LinkedIn, ou d\u2019autres r\u00e9seaux de m\u00e9dias sociaux. Si vous le faites, nous recueillerons votre nom, votre adresse e-mail, votre ville, et d\u2019autres informations qui vous seront communiqu\u00e9es au moment o\u00f9 vous vous connecterez via les r\u00e9seaux de m\u00e9dias sociaux. Alternativement, vous pouvez \u00e9galement \u00eatre invit\u00e9 \u00e0 vous inscrire en fournissant votre nom, adresse e-mail, ville, sexe, pays, ann\u00e9e de naissance et num\u00e9ro de t\u00e9l\u00e9phone. Vos informations d\u2019inscription sont utilis\u00e9es pour vous fournir l\u2019acc\u00e8s et administrer le service, y compris la fourniture de publicit\u00e9s sur mesure et d\u2019autres offres de notre part ou de nos partenaires marketing lorsque vous \u00eates connect\u00e9 au service. Nous pouvons collecter des informations de journal sur la fa\u00e7on et le moment o\u00f9 vous utilisez notre service, tels que votre adresse MAC, l\u2019activit\u00e9 sociale, l\u2019emplacement de l\u2019appareil, les performances publicitaires et les rachats de coupons.<\/span><\/p>\n<p><b>Bulletins d\u2019information, messages texte et mat\u00e9riel promotionnel: <\/b><span style=\"font-weight: 400;\">Lorsque vous vous inscrivez pour utiliser le service, vous pouvez \u00e9galement vous inscrire pour recevoir notre newsletter par e-mail, SMS et autres communications. Lorsque vous vous abonnez \u00e0 notre Newsletter, SMS ou autres communications, nous utiliserons votre adresse e-mail ou votre num\u00e9ro de t\u00e9l\u00e9phone pour vous envoyer des informations sur nos offres de produits et de services ou celles de nos partenaires. Vous pouvez vous retirer de notre liste de newsletter en cliquant sur <\/span><span style=\"font-weight: 400;\">le lien \u00ab d\u00e9sinscription \u00bb qui appara\u00eet au bas de chacun de nos e-mails. Si vous vous \u00eates inscrit pour recevoir des SMS, vous pouvez vous d\u00e9sabonner en suivant les instructions de d\u00e9sinscription fournies dans vos messages SMS.<\/span><\/p>\n<p>&nbsp;<\/p>\n<p><b>Concours, tirages au sort et promotions: <\/b><span style=\"font-weight: 400;\">Lorsque vous participez \u00e0 un concours, un tirage au sort ou participez \u00e0 une promotion, nous pouvons recueillir votre nom, votre adresse, votre num\u00e9ro de t\u00e9l\u00e9phone, votre adresse e-mail, votre emplacement et d\u2019autres informations que vous fournissez. Nous utilisons ces informations pour administrer votre participation au concours, au tirage au sort ou \u00e0 la promotion. Au moment o\u00f9 vous participez au concours, au tirage au sort ou \u00e0 la promotion, nous pouvons obtenir votre consentement pour vous envoyer des communications promotionnelles futures. Si un concours, un tirage au sort ou une promotion est parrain\u00e9 conjointement par nous et un ou plusieurs sponsors, vos informations personnelles peuvent \u00eatre partag\u00e9es avec de tels sponsors, comme sp\u00e9cifi\u00e9 au moment de la collecte de vos informations personnelles. Nous ne contr\u00f4lons pas l\u2019utilisation, la divulgation ou la s\u00e9curit\u00e9 de vos informations personnelles par d\u2019autres sponsors, et vous recommandons de consulter leurs avis ou d\u00e9clarations de confidentialit\u00e9 respective.<\/span><\/p>\n<p><b>Sondages: <\/b><span style=\"font-weight: 400;\">De temps \u00e0 autre, nous pouvons vous offrir la possibilit\u00e9 de participer \u00e0 l\u2019une de nos enqu\u00eates ou l\u2019un de nos sondages. Nous utilisons ces informations pour nous aider \u00e0 comprendre nos clients et \u00e0 am\u00e9liorer nos offres de produits et de services et nos promotions.<\/span><\/p>\n<p><b>Contactez-nous: <\/b><span style=\"font-weight: 400;\">Lorsque vous nous envoyez des courriels ou d\u2019autres communications, nous pouvons utiliser et conserver ces communications afin de traiter vos demandes, de r\u00e9pondre \u00e0 vos requ\u00eates et d\u2019am\u00e9liorer les services.<\/span><\/p>\n<h3><b>Divulgation de renseignements personnels<\/b><\/h3>\n<p><span style=\"font-weight: 400;\">Nous ne divulguerons, ne commercialiserons, ne vendrons ni ne transmettons vos renseignements personnels, sans votre consentement, sauf disposition contraire \u00e9nonc\u00e9e dans les pr\u00e9sentes.<\/span><\/p>\n<p><b>Arrangements du prestataire de services: <\/b><span style=\"font-weight: 400;\">Nous pouvons transf\u00e9rer (ou rendre disponible) vos informations personnelles \u00e0 nos affili\u00e9s et \u00e0 d\u2019autres tiers qui nous aident \u00e0 fournir les services. Par exemple, nous pouvons utiliser des fournisseurs de services pour h\u00e9berger notre site Web et envoyer des publicit\u00e9s ou d\u2019autres communications marketing en notre nom. Vos renseignements personnels peuvent \u00eatre conserv\u00e9s et trait\u00e9s par nos affili\u00e9s et d\u2019autres fournisseurs de services tiers au Canada, aux \u00c9tats-Unis ou dans d\u2019autres juridictions. Nous veillons \u00e0 ce que tous les affili\u00e9s et autres tiers qui sont engag\u00e9s pour effectuer <\/span><span style=\"font-weight: 400;\">des services en notre nom et qui sont fournis avec des informations personnelles sont contractuellement tenus d\u2019observer l\u2019intention de cette politique de confidentialit\u00e9 et de nos pratiques de confidentialit\u00e9. Nos prestataires de services re\u00e7oivent uniquement les informations dont ils ont besoin pour remplir leurs fonctions d\u00e9sign\u00e9es, et nous ne les autorisons pas \u00e0 utiliser ou \u00e0 divulguer des renseignements personnels \u00e0 leurs propres fins. Pour plus d\u2019informations sur nos prestataires de services tiers, contactez-nous comme d\u00e9fini ci-dessous.<\/span><\/p>\n<p><b>Juridique: <\/b><span style=\"font-weight: 400;\">Nous, nos affili\u00e9s et nos fournisseurs de services canadiens, am\u00e9ricains et autres peuvent fournir vos renseignements personnels en r\u00e9ponse \u00e0 un mandat de perquisition ou \u00e0 toute autre demande ou ordonnance l\u00e9galement valide, ou \u00e0 un organisme d\u2019enqu\u00eate en cas de violation d\u2019un accord ou d\u2019une contravention \u00e0 la Loi, ou en vertu d\u2019autres lois canadiennes, am\u00e9ricaines ou autres. Nous pouvons \u00e9galement divulguer des renseignements personnels lorsque cela est n\u00e9cessaire pour l\u2019\u00e9tablissement, l\u2019exercice ou la d\u00e9fense de r\u00e9clamations l\u00e9gales, dans le cadre de l\u2019administration de notre programme de pr\u00e9vention des pertes, ou comme cela est autoris\u00e9 par la Loi.<\/span><\/p>\n<h3><b>Information sur la technologie<\/b><\/h3>\n<p><span style=\"font-weight: 400;\">Lorsque vous acc\u00e9dez aux services, nos serveurs connectent automatiquement certaines informations que votre navigateur envoie chaque fois que vous visitez un site Web. Ces journaux de serveur peuvent inclure des informations telles que votre demande Web, adresse de protocole Internet, adresse MAC, emplacement (tels que les signaux GPS envoy\u00e9s par un appareil mobile) ou des informations qui peuvent \u00eatre utilis\u00e9es pour rapprocher votre emplacement (comme un ID de cellule), type de navigateur, la langue, l\u2019historique des connexions et la date et l\u2019heure de votre demande.<\/span><\/p>\n<p><span style=\"font-weight: 400;\">Les <\/span><b>cookies: <\/b><span style=\"font-weight: 400;\">Nous pouvons utiliser une technologie appel\u00e9e \u00ab cookies \u00bb. Un cookie est un petit \u00e9l\u00e9ment de donn\u00e9es que les sites Web peuvent envoyer \u00e0 votre navigateur, qui peut ensuite \u00eatre stock\u00e9 sur votre appareil afin que nous puissions vous reconna\u00eetre lorsque vous revenez. Nous utilisons des cookies pour am\u00e9liorer la qualit\u00e9 de notre service, y compris pour le stockage des pr\u00e9f\u00e9rences des utilisateurs, l\u2019am\u00e9lioration de la s\u00e9lection des annonces et le suivi des tendances des utilisateurs. Vous pouvez configurer votre navigateur Web pour vous avertir lorsque vous recevez un cookie ou pour ne pas accepter certains cookies. Toutefois, si vous d\u00e9cidez de ne pas accepter les cookies de notre part, il se peut que vous ne puissiez pas profiter de toutes les fonctionnalit\u00e9s de nos services.<\/span><\/p>\n<p><b>Publicit\u00e9: <\/b><span style=\"font-weight: 400;\">Nous et d\u2019autres tierces parties (tels que les r\u00e9seaux publicitaires, les \u00e9changes de donn\u00e9es et d\u2019autres prestataires de services) pouvons \u00e9galement <\/span><span style=\"font-weight: 400;\">utiliser des cookies et des technologies similaires pour vous fournir des publicit\u00e9s \u00a0 et des promotions lorsque vous utilisez nos services. Les informations collect\u00e9es par ces tierces parties peuvent \u00eatre utilis\u00e9es pour adapter les publicit\u00e9s que vous voyez \u00e0 la fois sur nos services et sur les sites Web de tiers. Vous pouvez choisir de ne pas recevoir de publicit\u00e9 sur mesure de la part de r\u00e9seaux publicitaires, d\u2019\u00e9changes de donn\u00e9es et d\u2019autres prestataires de services en utilisant ce <\/span><span style=\"font-weight: 400;\">outil en ligne<\/span><span style=\"font-weight: 400;\">. Vous pouvez d\u00e9sactiver l\u2019utilisation sp\u00e9cifique de cookies de Google \u00e0 ces fins en visitant <\/span><span style=\"font-weight: 400;\">Gestionnaire des pr\u00e9f\u00e9rences publicitaires<\/span><span style=\"font-weight: 400;\">. Si vous refusez de recevoir de la publicit\u00e9 sur mesure d\u2019un tiers, y compris Google, vous pouvez toujours voir des annonces sur nous, mais ces annonces ne seront pas personnalis\u00e9es.<\/span><\/p>\n<h3><b>S\u00e9curit\u00e9 de l\u2019information<\/b><\/h3>\n<p><span style=\"font-weight: 400;\">Nous avons mis en place des garanties administratives, techniques et physiques raisonnables dans le but de prot\u00e9ger contre l\u2019acc\u00e8s, l\u2019utilisation, la modification et la divulgation non autoris\u00e9s de renseignements personnels sous notre garde et notre contr\u00f4le. Malheureusement, aucune collecte ou transmission d\u2019informations sur Internet ou d\u2019autres r\u00e9seaux de communication accessibles au public ne peut \u00eatre garantie \u00e0 100%, et par cons\u00e9quent, nous ne pouvons garantir ou justifier la s\u00e9curit\u00e9 de ces informations.<\/span><\/p>\n<h3><b>Int\u00e9grit\u00e9 des donn\u00e9es<\/b><\/h3>\n<p><span style=\"font-weight: 400;\">Nous prenons des mesures raisonnables pour nous assurer que les informations personnelles que nous traitons sont exactes, compl\u00e8tes et actuelles, mais nous d\u00e9pendons de nos utilisateurs pour mettre \u00e0 jour ou corriger leurs informations personnelles chaque fois que cela est n\u00e9cessaire.<\/span><\/p>\n<h3><b>Acc\u00e8s et mise \u00e0 jour des informations personnelles<\/b><\/h3>\n<p><span style=\"font-weight: 400;\">Vous avez le droit d\u2019acc\u00e9der, de mettre \u00e0 jour et de supprimer vos informations personnelles sous notre garde et notre contr\u00f4le, sous r\u00e9serve de certaines exceptions prescrites par la Loi. Vous pouvez demander l\u2019acc\u00e8s, la mise \u00e0 jour et la suppression de vos informations personnelles en nous envoyant un courriel ou en nous \u00e9crivant aux coordonn\u00e9es figurant ci-dessous. Nous pouvons demander certains renseignements personnels aux fins de la v\u00e9rification de l\u2019identit\u00e9 de la personne qui sollicite l\u2019acc\u00e8s \u00e0 ses dossiers de renseignements personnels. Nous ne facturerons aucun co\u00fbt pour vous d\u2019acc\u00e9der \u00e0 vos informations personnelles dans nos dossiers ou pour acc\u00e9der \u00e0 nos pratiques de confidentialit\u00e9.<\/span><\/p>\n<h3><b>Conservation de l\u2019information<\/b><\/h3>\n<p><span style=\"font-weight: 400;\">Nous pouvons conserver un registre de vos informations personnelles, de votre correspondance ou de vos commentaires, dans un fichier qui vous est <\/span><span style=\"font-weight: 400;\">propre. Nous utiliserons, divulguerons ou conservons vos renseignements personnels aussi longtemps que n\u00e9cessaire pour remplir les finalit\u00e9s pour lesquelles ces renseignements personnels ont \u00e9t\u00e9 recueillis et tel que permis ou exig\u00e9 par la Loi.<\/span><\/p>\n<h3><b>Modifications de la pr\u00e9sente politique de confidentialit\u00e9<\/b><\/h3>\n<p><span style=\"font-weight: 400;\">Cette politique de confidentialit\u00e9 peut \u00eatre mise \u00e0 jour p\u00e9riodiquement pour refl\u00e9ter les modifications apport\u00e9es \u00e0 nos pratiques en mati\u00e8re de renseignements personnels. La politique de confidentialit\u00e9 r\u00e9vis\u00e9e sera pr\u00e9sent\u00e9e lorsque vous vous connectez pour utiliser les services. Nous vous encourageons vivement \u00e0 vous r\u00e9f\u00e9rer \u00e0 cette politique de confidentialit\u00e9 souvent pour les derni\u00e8res informations sur nos pratiques d\u2019information personnelle.<\/span><\/p>\n<h3><b>Questions<\/b><\/h3>\n<p><span style=\"font-weight: 400;\">Toutes les questions concernant cette politique de confidentialit\u00e9 doivent \u00eatre adress\u00e9es <\/span><a  href=\"mailto:Privacy@sy5.io\"><span style=\"font-weight: 400;\">Privacy@sy5.io<\/span><span style=\"font-weight: 400;\">.<\/span><\/a>[\/vc_column_text][\/vc_column][\/vc_row][vc_row][vc_column][vc_empty_space][\/vc_column][\/vc_row][\/vc_section]<\/p>","protected":false},"excerpt":{"rendered":"<p>[vc_row content_placement=&#8221;middle&#8221; height=&#8221;450px&#8221; columns_height=&#8221;adjust_cols_height&#8221; bg_type=&#8221;image&#8221; parallax_style=&#8221;vcpb-default&#8221; bg_image_new=&#8221;id^995|url^|caption^null|alt^null|title^sy5-table-phone-social_background|description^null&#8221; bg_override=&#8221;full&#8221; css=&#8221;.vc_custom_1586869909294{margin-bottom: -12% !important;background-image: url(https:\/\/www.sy5.io\/wp-content\/uploads\/2019\/11\/header-sy5-contact-trial.jpg?id=100) !important;background-position: center !important;background-repeat: no-repeat !important;background-size: cover !important;}&#8221;][vc_column][vc_row_inner type=&#8221;boxed&#8221; css=&#8221;.vc_custom_1568945296498{margin-top: -12% !important;padding-right: 12% !important;padding-left: 12% !important;}&#8221;][vc_column_inner el_class=&#8221;box-title&#8221; css=&#8221;.vc_custom_1568345450499{margin-top: 10% !important;}&#8221; el_id=&#8221;box-title&#8221;][vc_custom_heading text=&#8221;POLITIQUE DE CONFIDENTIALIT\u00c9&#8221; font_container=&#8221;tag:h1|font_size:38px|text_align:center|color:%23ffffff&#8221; google_fonts=&#8221;font_family:Roboto%3A100%2C100italic%2C300%2C300italic%2Cregular%2Citalic%2C500%2C500italic%2C700%2C700italic%2C900%2C900italic|font_style:900%20bold%20regular%3A900%3Anormal&#8221; css_animation=&#8221;bottom-to-top&#8221; el_id=&#8221;main-h1&#8243; el_class=&#8221;main-h1&#8243;][vc_empty_space][\/vc_column_inner][\/vc_row_inner][\/vc_column][\/vc_row][vc_section css=&#8221;.vc_custom_1586965598839{background-color: #ffffff !important;}&#8221;][vc_row type=&#8221;boxed&#8221; css=&#8221;.vc_custom_1586966103062{margin-bottom: -2% !important;padding-right: 8% !important;padding-left: 8% !important;}&#8221;][vc_column][vc_column_text]Nous reconnaissons que la vie [&hellip;]<\/p>\n","protected":false},"author":1,"featured_media":0,"parent":0,"menu_order":0,"comment_status":"closed","ping_status":"closed","template":"page-full-width.php","meta":{"inline_featured_image":false,"_links_to":"","_links_to_target":""},"yoast_head":"<!-- This site is optimized with the Yoast SEO plugin v14.7 - https:\/\/yoast.com\/wordpress\/plugins\/seo\/ -->\n<title>Politique de confidentialit\u00e9 - SY5 Wi-Fi Marketing<\/title>\n<meta name=\"robots\" content=\"index, follow\" \/>\n<meta name=\"googlebot\" content=\"index, follow, max-snippet:-1, max-image-preview:large, max-video-preview:-1\" \/>\n<meta name=\"bingbot\" content=\"index, follow, max-snippet:-1, max-image-preview:large, max-video-preview:-1\" \/>\n<link rel=\"canonical\" href=\"https:\/\/www.sy5.io\/fr\/politique-de-confidentialite\/\" \/>\n<meta property=\"og:locale\" content=\"fr_CA\" \/>\n<meta property=\"og:type\" content=\"article\" \/>\n<meta property=\"og:title\" content=\"Politique de confidentialit\u00e9 - SY5 Wi-Fi Marketing\" \/>\n<meta property=\"og:description\" content=\"[vc_row content_placement=&#8221;middle&#8221; height=&#8221;450px&#8221; columns_height=&#8221;adjust_cols_height&#8221; bg_type=&#8221;image&#8221; parallax_style=&#8221;vcpb-default&#8221; bg_image_new=&#8221;id^995|url^|caption^null|alt^null|title^sy5-table-phone-social_background|description^null&#8221; bg_override=&#8221;full&#8221; css=&#8221;.vc_custom_1586869909294{margin-bottom: -12% !important;background-image: url(https:\/\/www.sy5.io\/wp-content\/uploads\/2019\/11\/header-sy5-contact-trial.jpg?id=100) !important;background-position: center !important;background-repeat: no-repeat !important;background-size: cover !important;}&#8221;][vc_column][vc_row_inner type=&#8221;boxed&#8221; css=&#8221;.vc_custom_1568945296498{margin-top: -12% !important;padding-right: 12% !important;padding-left: 12% !important;}&#8221;][vc_column_inner el_class=&#8221;box-title&#8221; css=&#8221;.vc_custom_1568345450499{margin-top: 10% !important;}&#8221; el_id=&#8221;box-title&#8221;][vc_custom_heading text=&#8221;POLITIQUE DE CONFIDENTIALIT\u00c9&#8221; font_container=&#8221;tag:h1|font_size:38px|text_align:center|color:%23ffffff&#8221; google_fonts=&#8221;font_family:Roboto%3A100%2C100italic%2C300%2C300italic%2Cregular%2Citalic%2C500%2C500italic%2C700%2C700italic%2C900%2C900italic|font_style:900%20bold%20regular%3A900%3Anormal&#8221; css_animation=&#8221;bottom-to-top&#8221; el_id=&#8221;main-h1&#8243; el_class=&#8221;main-h1&#8243;][vc_empty_space][\/vc_column_inner][\/vc_row_inner][\/vc_column][\/vc_row][vc_section css=&#8221;.vc_custom_1586965598839{background-color: #ffffff !important;}&#8221;][vc_row type=&#8221;boxed&#8221; css=&#8221;.vc_custom_1586966103062{margin-bottom: -2% !important;padding-right: 8% !important;padding-left: 8% !important;}&#8221;][vc_column][vc_column_text]Nous reconnaissons que la vie [&hellip;]\" \/>\n<meta property=\"og:url\" content=\"https:\/\/www.sy5.io\/fr\/politique-de-confidentialite\/\" \/>\n<meta property=\"og:site_name\" content=\"SY5 Wi-Fi Marketing\" \/>\n<meta property=\"article:modified_time\" content=\"2020-04-15T16:04:29+00:00\" \/>\n<meta name=\"twitter:card\" content=\"summary_large_image\" \/>\n<script type=\"application\/ld+json\" class=\"yoast-schema-graph\">{\"@context\":\"https:\/\/schema.org\",\"@graph\":[{\"@type\":\"WebSite\",\"@id\":\"https:\/\/www.sy5.io\/fr\/#website\",\"url\":\"https:\/\/www.sy5.io\/fr\/\",\"name\":\"SY5 Wi-Fi Marketing\",\"description\":\"Wi-fi marketing for restaurants, venues and events. Send email campaigns with our integrated platform.\",\"potentialAction\":[{\"@type\":\"SearchAction\",\"target\":\"https:\/\/www.sy5.io\/fr\/?s={search_term_string}\",\"query-input\":\"required name=search_term_string\"}],\"inLanguage\":\"fr-CA\"},{\"@type\":\"WebPage\",\"@id\":\"https:\/\/www.sy5.io\/fr\/politique-de-confidentialite\/#webpage\",\"url\":\"https:\/\/www.sy5.io\/fr\/politique-de-confidentialite\/\",\"name\":\"Politique de confidentialit\\u00e9 - SY5 Wi-Fi Marketing\",\"isPartOf\":{\"@id\":\"https:\/\/www.sy5.io\/fr\/#website\"},\"datePublished\":\"2020-04-15T15:52:48+00:00\",\"dateModified\":\"2020-04-15T16:04:29+00:00\",\"inLanguage\":\"fr-CA\",\"potentialAction\":[{\"@type\":\"ReadAction\",\"target\":[\"https:\/\/www.sy5.io\/fr\/politique-de-confidentialite\/\"]}]}]}<\/script>\n<!-- \/ Yoast SEO plugin. -->","_links":{"self":[{"href":"https:\/\/www.sy5.io\/fr\/wp-json\/wp\/v2\/pages\/482"}],"collection":[{"href":"https:\/\/www.sy5.io\/fr\/wp-json\/wp\/v2\/pages"}],"about":[{"href":"https:\/\/www.sy5.io\/fr\/wp-json\/wp\/v2\/types\/page"}],"author":[{"embeddable":true,"href":"https:\/\/www.sy5.io\/fr\/wp-json\/wp\/v2\/users\/1"}],"replies":[{"embeddable":true,"href":"https:\/\/www.sy5.io\/fr\/wp-json\/wp\/v2\/comments?post=482"}],"version-history":[{"count":4,"href":"https:\/\/www.sy5.io\/fr\/wp-json\/wp\/v2\/pages\/482\/revisions"}],"predecessor-version":[{"id":486,"href":"https:\/\/www.sy5.io\/fr\/wp-json\/wp\/v2\/pages\/482\/revisions\/486"}],"wp:attachment":[{"href":"https:\/\/www.sy5.io\/fr\/wp-json\/wp\/v2\/media?parent=482"}],"curies":[{"name":"wp","href":"https:\/\/api.w.org\/{rel}","templated":true}]}}