{"id":608,"date":"2020-05-10T13:24:07","date_gmt":"2020-05-10T17:24:07","guid":{"rendered":"https:\/\/www.sy5.io\/?page_id=608"},"modified":"2020-05-17T23:02:44","modified_gmt":"2020-05-18T03:02:44","slug":"website-ordering","status":"publish","type":"page","link":"https:\/\/www.sy5.io\/fr\/commande-siteweb\/","title":{"rendered":"Commandes sur votre site"},"content":{"rendered":"<p>[vc_row content_placement=&#8221;middle&#8221; height=&#8221;600px&#8221; columns_height=&#8221;adjust_cols_height&#8221; bg_type=&#8221;image&#8221; parallax_style=&#8221;vcpb-default&#8221; bg_image_new=&#8221;id^995|url^|caption^null|alt^null|title^sy5-table-phone-social_background|description^null&#8221; bg_override=&#8221;full&#8221; css=&#8221;.vc_custom_1589131512053{margin-top: -5% !important;margin-bottom: -7% !important;background-image: url(https:\/\/www.sy5.io\/wp-content\/uploads\/2020\/05\/header-sy5-food-ordering-detail.jpg?id=610) !important;background-position: center !important;background-repeat: no-repeat !important;background-size: cover !important;}&#8221;][vc_column][vc_row_inner type=&#8221;boxed&#8221; css=&#8221;.vc_custom_1568166934356{padding-right: 8% !important;padding-left: 8% !important;}&#8221;][vc_column_inner width=&#8221;2\/3&#8243; css=&#8221;.vc_custom_1568166873613{margin-top: 10% !important;margin-bottom: 3% !important;}&#8221;][vc_custom_heading text=&#8221;Prise de commandes<br \/>\nsur votre site web&#8221; font_container=&#8221;tag:h1|font_size:38px|text_align:left|color:%23ffffff&#8221; google_fonts=&#8221;font_family:Roboto%3A100%2C100italic%2C300%2C300italic%2Cregular%2Citalic%2C500%2C500italic%2C700%2C700italic%2C900%2C900italic|font_style:900%20bold%20regular%3A900%3Anormal&#8221; css_animation=&#8221;none&#8221; el_id=&#8221;main-h1&#8243; el_class=&#8221;main-h1&#8243;][vc_custom_heading text=&#8221;Multipliez vos commandes facilement en ajoutant<br \/>\nnotre plateforme de commandes sur votre site web&#8221; font_container=&#8221;tag:h1|font_size:20px|text_align:left|color:%23ffffff&#8221; google_fonts=&#8221;font_family:Roboto%3A100%2C100italic%2C300%2C300italic%2Cregular%2Citalic%2C500%2C500italic%2C700%2C700italic%2C900%2C900italic|font_style:400%20regular%3A400%3Anormal&#8221; css_animation=&#8221;none&#8221; el_class=&#8221;main-h1&#8243;][vc_empty_space height=&#8221;30px&#8221;][vc_btn title=&#8221;COMMENT \u00c7A MARCHE&#8221; style=&#8221;custom&#8221; custom_background=&#8221;#ffb809&#8243; custom_text=&#8221;#ffffff&#8221; shape=&#8221;round&#8221; align=&#8221;left&#8221; css_animation=&#8221;fadeIn&#8221; link=&#8221;url:https%3A%2F%2Fwww.sy5.io%2Fwp-login.php%3Faction%3Dregister|||&#8221; el_class=&#8221;wp-video-popup&#8221; el_id=&#8221;wp-video-popup&#8221;][vc_empty_space height=&#8221;60px&#8221;][\/vc_column_inner][vc_column_inner width=&#8221;1\/3&#8243;][\/vc_column_inner][\/vc_row_inner][\/vc_column][\/vc_row][vc_row bg_type=&#8221;bg_color&#8221; bg_override=&#8221;full&#8221; bg_color_value=&#8221;#ffffff&#8221; css=&#8221;.vc_custom_1568168737023{background-color: #f2f2f2 !important;}&#8221;][vc_column][vc_empty_space height=&#8221;40px&#8221;][vc_row_inner content_placement=&#8221;middle&#8221; type=&#8221;boxed&#8221; css=&#8221;.vc_custom_1588883320763{padding-right: 8% !important;padding-left: 8% !important;}&#8221;][vc_column_inner width=&#8221;1\/2&#8243;][vc_column_text css=&#8221;.vc_custom_1589143069949{margin-top: -5% !important;}&#8221;]<\/p>\n<h4><span style=\"color: #13535e;\"><strong>Prenez les commandes maintenant directement sur votre site web<\/strong><\/span><\/h4>\n<p>Ne laissez pas vos clients affam\u00e9s perdre du temps \u00e0 chercher comment commander votre menu ou ils s&#8217;en iront.<\/p>\n<p>Ainsi, placez le bouton &#8220;<strong>Voir menu &amp; commander<\/strong>&#8221; au haut de votre site web afin que vos clients commandent rapidement et facilement.<\/p>\n<p>Plus ce sera simple de commander chez vous, plus de repas vous vendrez.[\/vc_column_text][vc_empty_space height=&#8221;22px&#8221;][\/vc_column_inner][vc_column_inner width=&#8221;1\/2&#8243;][vc_single_image image=&#8221;614&#8243; img_size=&#8221;full&#8221; css_animation=&#8221;right-to-left&#8221; el_id=&#8221;screen-platform&#8221; el_class=&#8221;screen-platform&#8221; css=&#8221;.vc_custom_1589133939357{margin-top: -12% !important;margin-bottom: -5% !important;}&#8221;][\/vc_column_inner][\/vc_row_inner][\/vc_column][\/vc_row][vc_row][vc_column][vc_column_text]<\/p>\n<div class=\"triangle\"><\/div>\n<p>[\/vc_column_text][vc_row_inner content_placement=&#8221;middle&#8221; gap=&#8221;20&#8243; type=&#8221;boxed&#8221; css=&#8221;.vc_custom_1589136049802{margin-top: -2% !important;padding-right: 8% !important;padding-left: 8% !important;}&#8221;][vc_column_inner width=&#8221;1\/3&#8243; offset=&#8221;vc_hidden-xs&#8221;][vc_column_text]<\/p>\n<h4><span style=\"color: #13535e;\">Faites de supers promotions pour augmenter vos ventes<\/span><\/h4>\n<p>S\u00e9duisez vos clients qui ont faim avec des promotions difficiles \u00e0 refus\u00e9es qui apparaissent au top de votre menu.<\/p>\n<p>Notre syst\u00e8me de <strong>commande en ligne pour votre site web<\/strong> offre des m\u00e9canismes intelligents pour augmenter la loyaut\u00e9 de vos clients et, ultimement, vendre davatange.<\/p>\n<p>Utilisez le bouton &#8220;cr\u00e9ez votre compte&#8221; et commencez d\u00e8s aujourd&#8217;hui \u00e0 recevoir un nombre illimit\u00e9s de commandes de clients, gratuitement![\/vc_column_text][\/vc_column_inner][vc_column_inner width=&#8221;2\/3&#8243; offset=&#8221;vc_hidden-xs&#8221;][vc_single_image image=&#8221;617&#8243; img_size=&#8221;full&#8221; css_animation=&#8221;appear&#8221;][\/vc_column_inner][\/vc_row_inner][vc_row_inner content_placement=&#8221;middle&#8221; type=&#8221;boxed&#8221; css=&#8221;.vc_custom_1574633035121{margin-top: 10% !important;padding-right: 8% !important;padding-left: 8% !important;}&#8221;][vc_column_inner width=&#8221;1\/2&#8243; offset=&#8221;vc_hidden-lg vc_hidden-md vc_hidden-sm&#8221;][vc_single_image image=&#8221;617&#8243; img_size=&#8221;full&#8221; css_animation=&#8221;appear&#8221;][\/vc_column_inner][vc_column_inner width=&#8221;1\/2&#8243; offset=&#8221;vc_hidden-lg vc_hidden-md vc_hidden-sm&#8221; css=&#8221;.vc_custom_1588890121323{padding-bottom: 15% !important;}&#8221;][vc_column_text]<\/p>\n<h4 style=\"text-align: center;\"><span style=\"color: #13535e;\">Use irresistible promos to get a higher profit with every order<\/span><\/h4>\n<p style=\"text-align: center;\">Seduce your starving customers with a couple of hard to-say-no-to promos located at the very top of your menu.<\/p>\n<p style=\"text-align: center;\">Our <strong>website online ordering system<\/strong> provides you with a powerful mechanism to <strong>expand your loyal customer<\/strong> base &amp; ultimately, <strong>sell more.<\/strong><\/p>\n<p style=\"text-align: center;\">So click the &#8220;Get Access Now&#8221; button to start collecting unlimited orders within hours. For free.<\/p>\n<p>[\/vc_column_text][\/vc_column_inner][\/vc_row_inner][vc_row_inner content_placement=&#8221;middle&#8221; gap=&#8221;20&#8243; type=&#8221;boxed&#8221; css=&#8221;.vc_custom_1588889522623{margin-top: -15% !important;padding-right: 8% !important;padding-left: 8% !important;}&#8221;][vc_column_inner width=&#8221;1\/2&#8243;][vc_single_image image=&#8221;621&#8243; img_size=&#8221;full&#8221; css_animation=&#8221;appear&#8221;][\/vc_column_inner][vc_column_inner width=&#8221;1\/2&#8243;][vc_column_text]<\/p>\n<h4><span style=\"color: #13535e;\">Les paiements se font sur une page simple et s\u00e9curis\u00e9e\u00a0<\/span><\/h4>\n<p>Rien de plus frustrant que de perdre du temps avec des formulaires de paiements quand on a vraiment faim.<\/p>\n<p>C&#8217;est pourquoi le syst\u00e8me de commande en ligne de SY5 offre une page de paiement ultra simple et intuitive.<\/p>\n<p>Il suffit de remplir quelques champs pour d\u00e9tailler la commande et la commande est plac\u00e9e.[\/vc_column_text][vc_btn title=&#8221;CR\u00c9EZ VOTRE COMPTE GRATUIT&#8221; style=&#8221;custom&#8221; custom_background=&#8221;#ffb809&#8243; custom_text=&#8221;#ffffff&#8221; shape=&#8221;round&#8221; align=&#8221;left&#8221; css_animation=&#8221;fadeIn&#8221; link=&#8221;url:https%3A%2F%2Fwww.sy5-orders.com%2Fadmin%2Fpublic%2Fsignup|||&#8221;][\/vc_column_inner][\/vc_row_inner][vc_row_inner equal_height=&#8221;yes&#8221; content_placement=&#8221;middle&#8221; type=&#8221;boxed&#8221; css=&#8221;.vc_custom_1574633029170{margin-top: 10% !important;padding-right: 8% !important;padding-left: 8% !important;}&#8221;][vc_column_inner width=&#8221;1\/2&#8243; offset=&#8221;vc_hidden-lg vc_hidden-md vc_hidden-sm&#8221;][vc_single_image image=&#8221;531&#8243; img_size=&#8221;full&#8221; css_animation=&#8221;appear&#8221;][\/vc_column_inner][vc_column_inner width=&#8221;1\/2&#8243; offset=&#8221;vc_hidden-lg vc_hidden-md vc_hidden-sm&#8221; css=&#8221;.vc_custom_1588889786774{padding-bottom: 15% !important;}&#8221;][vc_column_text]<\/p>\n<h4 style=\"text-align: center;\"><span style=\"color: #13535e;\">Obtenez votre propre site internet<\/span><\/h4>\n<p style=\"text-align: center;\">\u00c0vec notre plateforme de commande en ligne, vous pouvez obtenir votre propre site web en quelques heures. On s&#8217;en occupe pour vous!<\/p>\n<p style=\"text-align: center;\">Lorsque vous aurez commenc\u00e9 \u00e0 cr\u00e9er le menu et profil de votre restaurant \u00e0 partir du bouton &#8220;Cr\u00e9er votre compte&#8221;, notre plateforme vous permettra de faire la demande pour mettre en ligne un superbe site web en moins de deux.<\/p>\n<p style=\"text-align: center;\">Les clients sont attir\u00e9s par un site web esth\u00e9tique, fluide et responsive. Commencez \u00e0 obtenir <strong>plus de ventes<\/strong>.<\/p>\n<p>[\/vc_column_text][vc_btn title=&#8221;CR\u00c9EZ VOTRE COMPTE GRATUIT&#8221; style=&#8221;custom&#8221; custom_background=&#8221;#ffb809&#8243; custom_text=&#8221;#ffffff&#8221; shape=&#8221;round&#8221; align=&#8221;center&#8221; css_animation=&#8221;fadeIn&#8221; link=&#8221;url:https%3A%2F%2Fwww.sy5-orders.com%2Fadmin%2Fpublic%2Fsignup|||&#8221;][\/vc_column_inner][\/vc_row_inner][vc_row_inner content_placement=&#8221;middle&#8221; gap=&#8221;20&#8243; type=&#8221;boxed&#8221; css=&#8221;.vc_custom_1589133977346{margin-top: -12% !important;margin-bottom: 2% !important;padding-right: 8% !important;padding-left: 8% !important;}&#8221;][vc_column_inner width=&#8221;1\/2&#8243; offset=&#8221;vc_hidden-xs&#8221;][vc_column_text]<\/p>\n<h4 style=\"text-align: left;\"><span style=\"color: #13535e;\">Obtenez votre propre site internet<\/span><\/h4>\n<p style=\"text-align: left;\">\u00c0vec notre plateforme de commande en ligne, vous pouvez obtenir votre propre site web en quelques heures. On s&#8217;en occupe pour vous!<\/p>\n<p>Lorsque vous aurez commenc\u00e9 \u00e0 cr\u00e9er le menu et profil de votre restaurant \u00e0 partir du bouton &#8220;Cr\u00e9er votre compte&#8221;, notre plateforme vous permettra de faire la demande pour mettre en ligne un superbe site web en moins de deux.<\/p>\n<p style=\"text-align: left;\">Les clients sont attir\u00e9s par un site web esth\u00e9tique, fluide et responsive. Commencez \u00e0 obtenir <strong>plus de ventes<\/strong>.<\/p>\n<p>[\/vc_column_text][vc_btn title=&#8221;CR\u00c9EZ VOTRE COMPTE GRATUIT&#8221; style=&#8221;custom&#8221; custom_background=&#8221;#ffb809&#8243; custom_text=&#8221;#ffffff&#8221; shape=&#8221;round&#8221; align=&#8221;left&#8221; css_animation=&#8221;fadeIn&#8221; link=&#8221;url:https%3A%2F%2Fwww.sy5-orders.com%2Fadmin%2Fpublic%2Fsignup|||&#8221;][\/vc_column_inner][vc_column_inner width=&#8221;1\/2&#8243; offset=&#8221;vc_hidden-xs&#8221;][vc_single_image image=&#8221;531&#8243; img_size=&#8221;full&#8221; css_animation=&#8221;appear&#8221;][\/vc_column_inner][\/vc_row_inner][\/vc_column][\/vc_row][vc_row css=&#8221;.vc_custom_1588897215590{background-color: #f2f2f2 !important;}&#8221;][vc_column][vc_column_text]<\/p>\n<div class=\"triangle-white\"><\/div>\n<p>[\/vc_column_text][vc_column_text]<\/p>\n<h4 style=\"text-align: center;\"><span style=\"color: #13535e;\"><br \/>\nCe que disent nos clients<\/span><\/h4>\n<p>[\/vc_column_text][vc_column_text css=&#8221;.vc_custom_1589152676019{padding-right: 8% !important;padding-left: 8% !important;}&#8221;]<\/p>\n<p style=\"text-align: center;\">\n            <div \n                class=\"elfsight-widget-testimonials-slider elfsight-widget\" \n                data-elfsight-testimonials-slider-options=\"%7B%22template%22%3A%22tiledClassic%22%2C%22layout%22%3A%22slider%22%2C%22sliderArrows%22%3Atrue%2C%22sliderDrag%22%3Atrue%2C%22sliderSpeed%22%3A0.6%2C%22sliderAutoplay%22%3A0%2C%22sliderPaginationType%22%3A%22classic%22%2C%22widgetTitle%22%3A%22%22%2C%22lang%22%3A%22fr%22%2C%22items%22%3A%5B%7B%22text%22%3A%22Nos%20ventes%20augmentent%20rapidement.%20Le%20syst%5Cu00e8me%20est%20tellement%20bien%20fait.%20Le%20meilleur%20que%20j%27ai%20vu%21%22%2C%22name%22%3A%22GRILLNGO%22%2C%22socialProfileUrl%22%3A%22%22%2C%22caption%22%3A%22GRILLNGO%22%2C%22picture%22%3A%22https%3A%5C%2F%5C%2Fwww.sy5.io%5C%2Fwp-content%5C%2Fuploads%5C%2F2020%5C%2F05%5C%2Fgrillngo-favicon.jpg%22%2C%22websiteUrl%22%3A%22%22%2C%22logo%22%3Anull%2C%22rating%22%3A5%2C%22contentDivider%22%3Anull%7D%2C%7B%22text%22%3A%22Super%20service%21%20Le%20syst%5Cu00e8me%20tr%5Cu00e8s%20efficace%20nous%20a%20permis%20d%27augmenter%20notre%20volume%20de%20livraisons.%22%2C%22name%22%3A%22La%20B%5Cu00eatise%22%2C%22socialProfileUrl%22%3A%22%22%2C%22caption%22%3A%22Tapas%20Bar%20Traiteur%22%2C%22picture%22%3A%22https%3A%5C%2F%5C%2Fwww.sy5.io%5C%2Fwp-content%5C%2Fuploads%5C%2F2020%5C%2F05%5C%2Flabetise-logo.png%22%2C%22websiteUrl%22%3A%22%22%2C%22logo%22%3Anull%2C%22rating%22%3A5%2C%22contentDivider%22%3Anull%7D%2C%7B%22text%22%3A%22L%27%5Cu00e9quipe%20de%20soutien%20est%20super%20rapide%21%20Ils%20sont%20super.%20On%20ne%20peut%20demander%20mieux%21%26nbsp%3B%22%2C%22name%22%3A%22Fen%5Cu00eatre%20Sur%20Kaboul%22%2C%22caption%22%3A%22Restaurant%20%26%20Salon%20de%20Th%5Cu00e9%22%2C%22picture%22%3A%22https%3A%5C%2F%5C%2Fwww.sy5.io%5C%2Fwp-content%5C%2Fuploads%5C%2F2020%5C%2F05%5C%2Fkaboul-logo.png%22%2C%22logo%22%3Anull%2C%22rating%22%3A5%2C%22contentDivider%22%3Anull%2C%22socialProfileUrl%22%3A%22%22%2C%22websiteUrl%22%3A%22%22%7D%2C%7B%22text%22%3A%22L%27APP%20est%20g%5Cu00e9niale%21%20On%20recoit%20les%20commandes%20en%20un%20clin%20d%27oeil.%20Le%20soutien%20%5Cu00e0%20la%20client%5Cu00e8le%20est%20excellent%2C%20merci%21%22%2C%22name%22%3A%22Spanel%22%2C%22socialProfileUrl%22%3A%22%22%2C%22caption%22%3A%22Crepes%20%26%20Gourmets%22%2C%22picture%22%3A%22https%3A%5C%2F%5C%2Fwww.sy5.io%5C%2Fwp-content%5C%2Fuploads%5C%2F2020%5C%2F05%5C%2FSpanel-restaurant-icon.jpg%22%2C%22websiteUrl%22%3A%22%22%2C%22logo%22%3Anull%2C%22rating%22%3A5%2C%22contentDivider%22%3Anull%7D%2C%7B%22text%22%3A%22L%27int%5Cu00e9gration%20%5Cu00e0%20%5Cu00e9t%5Cu00e9%20super%20rapide%20et%20facile.%20Service%20impeccable%20et%20rapide%21%26nbsp%3B%22%2C%22name%22%3A%22Fous%20Braques%22%2C%22socialProfileUrl%22%3A%22%22%2C%22caption%22%3A%22Restaurant%20Cuisine%20Bistro%22%2C%22picture%22%3A%22https%3A%5C%2F%5C%2Fwww.sy5.io%5C%2Fwp-content%5C%2Fuploads%5C%2F2020%5C%2F05%5C%2Ffoubraques-logo.png%22%2C%22websiteUrl%22%3A%22%22%2C%22logo%22%3Anull%2C%22rating%22%3A5%2C%22contentDivider%22%3Anull%7D%5D%2C%22textAlign%22%3A%22left%22%2C%22textView%22%3A%22short%22%2C%22testimonialTextColor%22%3A%22%22%2C%22backgroundColor%22%3A%22%22%2C%22authorNameColor%22%3A%22%22%2C%22captionColor%22%3A%22%22%2C%22starsColor%22%3A%22rgb%2827%2C%20168%2C%20145%29%22%2C%22widgetId%22%3A%222%22%7D\" \n                data-elfsight-testimonials-slider-version=\"1.4.3\"\n                data-elfsight-widget-id=\"elfsight-testimonials-slider-2\">\n            <\/div>\n<p>[\/vc_column_text][vc_empty_space][\/vc_column][\/vc_row][vc_row bg_type=&#8221;image&#8221; parallax_style=&#8221;vcpb-vz-jquery&#8221; bg_image_new=&#8221;id^1040|url^|caption^null|alt^null|title^sy5-connection_splashscreen2|description^null&#8221; bg_image_repeat=&#8221;no-repeat&#8221; bg_override=&#8221;full&#8221; css=&#8221;.vc_custom_1574622537606{background-image: url(https:\/\/www.sy5.io\/wp-content\/uploads\/2019\/11\/footer-main-background.jpg?id=252) !important;background-position: center !important;background-repeat: no-repeat !important;background-size: cover !important;}&#8221;][vc_column offset=&#8221;vc_hidden-xs&#8221;][vc_row_inner content_placement=&#8221;middle&#8221; type=&#8221;boxed&#8221; css=&#8221;.vc_custom_1574622163415{margin-top: 5% !important;margin-bottom: 5% !important;padding-right: 8% !important;padding-left: 8% !important;}&#8221;][vc_column_inner][vc_column_text]<\/p>\n<h3 style=\"text-align: center;\"><span style=\"color: #ffffff;\">Obtenez votre syst\u00e8me de commandes en ligne GRATUIT!<\/span><\/h3>\n<p style=\"text-align: center; font-size: 1.75em;\"><span style=\"color: #ffffff;\">Commandes <strong>Illimit\u00e9es.<\/strong><\/span><\/p>\n<p>[\/vc_column_text][vc_btn title=&#8221;CR\u00c9EZ VOTRE COMPTE GRATUIT&#8221; style=&#8221;custom&#8221; custom_background=&#8221;#ffb809&#8243; custom_text=&#8221;#ffffff&#8221; shape=&#8221;round&#8221; align=&#8221;center&#8221; link=&#8221;url:https%3A%2F%2Fwww.sy5-orders.com%2Fadmin%2Fpublic%2Fsignup|||&#8221;][\/vc_column_inner][\/vc_row_inner][\/vc_column][\/vc_row][vc_row bg_type=&#8221;image&#8221; parallax_style=&#8221;vcpb-vz-jquery&#8221; bg_image_new=&#8221;id^1040|url^|caption^null|alt^null|title^sy5-connection_splashscreen2|description^null&#8221; bg_image_repeat=&#8221;no-repeat&#8221; bg_override=&#8221;full&#8221; css=&#8221;.vc_custom_1574622545661{background-image: url(https:\/\/www.sy5.io\/wp-content\/uploads\/2019\/11\/footer-main-background.jpg?id=252) !important;background-position: center !important;background-repeat: no-repeat !important;background-size: cover !important;}&#8221;][vc_column offset=&#8221;vc_hidden-lg vc_hidden-md vc_hidden-sm&#8221;][vc_row_inner content_placement=&#8221;middle&#8221; type=&#8221;boxed&#8221; css=&#8221;.vc_custom_1568172110237{padding-right: 12% !important;padding-left: 12% !important;}&#8221;][vc_column_inner][vc_column_text]<\/p>\n<h3 style=\"text-align: center;\"><span style=\"color: #ffffff;\">Obtenez votre syst\u00e8me de commandes en ligne GRATUIT!<\/span><\/h3>\n<p style=\"text-align: center; font-size: 1.05em;\"><span style=\"color: #ffffff;\">Commandes <strong>Illimit\u00e9es.<\/strong><\/span><\/p>\n<p>[\/vc_column_text][vc_btn title=&#8221;CR\u00c9EZ VOTRE COMPTE GRATUIT&#8221; style=&#8221;custom&#8221; custom_background=&#8221;#ffb809&#8243; custom_text=&#8221;#ffffff&#8221; shape=&#8221;round&#8221; size=&#8221;lg&#8221; align=&#8221;center&#8221; link=&#8221;url:https%3A%2F%2Fwww.sy5-orders.com%2Fadmin%2Fpublic%2Fsignup|||&#8221;][\/vc_column_inner][\/vc_row_inner][\/vc_column][\/vc_row]<\/p>","protected":false},"excerpt":{"rendered":"<p>[vc_row content_placement=&#8221;middle&#8221; height=&#8221;600px&#8221; columns_height=&#8221;adjust_cols_height&#8221; bg_type=&#8221;image&#8221; parallax_style=&#8221;vcpb-default&#8221; bg_image_new=&#8221;id^995|url^|caption^null|alt^null|title^sy5-table-phone-social_background|description^null&#8221; bg_override=&#8221;full&#8221; css=&#8221;.vc_custom_1589131512053{margin-top: -5% !important;margin-bottom: -7% !important;background-image: url(https:\/\/www.sy5.io\/wp-content\/uploads\/2020\/05\/header-sy5-food-ordering-detail.jpg?id=610) !important;background-position: center !important;background-repeat: no-repeat !important;background-size: cover !important;}&#8221;][vc_column][vc_row_inner type=&#8221;boxed&#8221; css=&#8221;.vc_custom_1568166934356{padding-right: 8% !important;padding-left: 8% !important;}&#8221;][vc_column_inner width=&#8221;2\/3&#8243; css=&#8221;.vc_custom_1568166873613{margin-top: 10% !important;margin-bottom: 3% !important;}&#8221;][vc_custom_heading text=&#8221;Prise de commandes sur votre site web&#8221; font_container=&#8221;tag:h1|font_size:38px|text_align:left|color:%23ffffff&#8221; google_fonts=&#8221;font_family:Roboto%3A100%2C100italic%2C300%2C300italic%2Cregular%2Citalic%2C500%2C500italic%2C700%2C700italic%2C900%2C900italic|font_style:900%20bold%20regular%3A900%3Anormal&#8221; css_animation=&#8221;none&#8221; el_id=&#8221;main-h1&#8243; el_class=&#8221;main-h1&#8243;][vc_custom_heading text=&#8221;Multipliez vos commandes facilement en ajoutant notre plateforme de commandes [&hellip;]<\/p>\n","protected":false},"author":1,"featured_media":0,"parent":0,"menu_order":0,"comment_status":"closed","ping_status":"closed","template":"page-full-width.php","meta":{"inline_featured_image":false,"_links_to":"","_links_to_target":""},"yoast_head":"<!-- This site is optimized with the Yoast SEO plugin v14.7 - https:\/\/yoast.com\/wordpress\/plugins\/seo\/ -->\n<title>Syst\u00e8me de commande en ligne - online ordering system for restaurants<\/title>\n<meta name=\"description\" content=\"Syst\u00e8me de commande en ligne pour site web de restaurants. Branded food online ordering system for restaurants. Plan gratuit disponible.\" \/>\n<meta name=\"robots\" content=\"index, follow\" \/>\n<meta name=\"googlebot\" content=\"index, follow, max-snippet:-1, max-image-preview:large, max-video-preview:-1\" \/>\n<meta name=\"bingbot\" content=\"index, follow, max-snippet:-1, max-image-preview:large, max-video-preview:-1\" \/>\n<link rel=\"canonical\" href=\"https:\/\/www.sy5.io\/website-ordering\/\" \/>\n<meta property=\"og:locale\" content=\"fr_CA\" \/>\n<meta property=\"og:type\" content=\"article\" \/>\n<meta property=\"og:title\" content=\"[:fr]Syst\u00e8me de commande en ligne - online ordering system for restaurants[:]\" \/>\n<meta property=\"og:description\" content=\"{:fr}Syst\u00e8me de commande en ligne pour site web de restaurants. Branded food online ordering system for restaurants. Plan gratuit disponible.{:}\" \/>\n<meta property=\"og:url\" content=\"https:\/\/www.sy5.io\/website-ordering\/\" \/>\n<meta property=\"og:site_name\" content=\"SY5 Wi-Fi Marketing\" \/>\n<meta property=\"article:modified_time\" content=\"2020-05-18T03:02:44+00:00\" \/>\n<meta name=\"twitter:card\" content=\"summary_large_image\" \/>\n<script type=\"application\/ld+json\" class=\"yoast-schema-graph\">{\"@context\":\"https:\/\/schema.org\",\"@graph\":[{\"@type\":\"WebSite\",\"@id\":\"https:\/\/www.sy5.io\/fr\/#website\",\"url\":\"https:\/\/www.sy5.io\/fr\/\",\"name\":\"SY5 Wi-Fi Marketing\",\"description\":\"Wi-fi marketing for restaurants, venues and events. Send email campaigns with our integrated platform.\",\"potentialAction\":[{\"@type\":\"SearchAction\",\"target\":\"https:\/\/www.sy5.io\/fr\/?s={search_term_string}\",\"query-input\":\"required name=search_term_string\"}],\"inLanguage\":\"fr-CA\"},{\"@type\":\"WebPage\",\"@id\":\"https:\/\/www.sy5.io\/website-ordering\/#webpage\",\"url\":\"https:\/\/www.sy5.io\/website-ordering\/\",\"name\":\"[:fr]Syst\\u00e8me de commande en ligne - online ordering system for restaurants[:]\",\"isPartOf\":{\"@id\":\"https:\/\/www.sy5.io\/fr\/#website\"},\"datePublished\":\"2020-05-10T17:24:07+00:00\",\"dateModified\":\"2020-05-18T03:02:44+00:00\",\"description\":\"{:fr}Syst\\u00e8me de commande en ligne pour site web de restaurants. Branded food online ordering system for restaurants. Plan gratuit disponible.{:}\",\"inLanguage\":\"fr-CA\",\"potentialAction\":[{\"@type\":\"ReadAction\",\"target\":[\"https:\/\/www.sy5.io\/website-ordering\/\"]}]}]}<\/script>\n<!-- \/ Yoast SEO plugin. -->","_links":{"self":[{"href":"https:\/\/www.sy5.io\/fr\/wp-json\/wp\/v2\/pages\/608"}],"collection":[{"href":"https:\/\/www.sy5.io\/fr\/wp-json\/wp\/v2\/pages"}],"about":[{"href":"https:\/\/www.sy5.io\/fr\/wp-json\/wp\/v2\/types\/page"}],"author":[{"embeddable":true,"href":"https:\/\/www.sy5.io\/fr\/wp-json\/wp\/v2\/users\/1"}],"replies":[{"embeddable":true,"href":"https:\/\/www.sy5.io\/fr\/wp-json\/wp\/v2\/comments?post=608"}],"version-history":[{"count":41,"href":"https:\/\/www.sy5.io\/fr\/wp-json\/wp\/v2\/pages\/608\/revisions"}],"predecessor-version":[{"id":704,"href":"https:\/\/www.sy5.io\/fr\/wp-json\/wp\/v2\/pages\/608\/revisions\/704"}],"wp:attachment":[{"href":"https:\/\/www.sy5.io\/fr\/wp-json\/wp\/v2\/media?parent=608"}],"curies":[{"name":"wp","href":"https:\/\/api.w.org\/{rel}","templated":true}]}}