{"id":66,"date":"2019-11-17T22:25:52","date_gmt":"2019-11-17T22:25:52","guid":{"rendered":"https:\/\/www.sy5.io\/fr\/?page_id=66"},"modified":"2019-11-17T22:35:00","modified_gmt":"2019-11-17T22:35:00","slug":"francais-automobile-et-commerce-de-detail","status":"publish","type":"page","link":"https:\/\/www.sy5.io\/fr\/automobile-commerce-de-detail\/","title":{"rendered":"Automobile et commerce de d\u00e9tail"},"content":{"rendered":"<p>[vc_row content_placement=&#8221;middle&#8221; height=&#8221;500px&#8221; columns_height=&#8221;adjust_cols_height&#8221; bg_type=&#8221;image&#8221; parallax_style=&#8221;vcpb-default&#8221; bg_image_new=&#8221;id^995|url^|caption^null|alt^null|title^sy5-table-phone-social_background|description^null&#8221; bg_override=&#8221;full&#8221; css=&#8221;.vc_custom_1574028903006{background-image: url(https:\/\/www.sy5.io\/wp-content\/uploads\/2019\/11\/header-cardealer.jpg?id=67) !important;background-position: center !important;background-repeat: no-repeat !important;background-size: cover !important;}&#8221;][vc_column][vc_row_inner type=&#8221;boxed&#8221; css=&#8221;.vc_custom_1568166934356{padding-right: 8% !important;padding-left: 8% !important;}&#8221;][vc_column_inner width=&#8221;2\/3&#8243; css=&#8221;.vc_custom_1568166873613{margin-top: 10% !important;margin-bottom: 3% !important;}&#8221;][vc_custom_heading text=&#8221;La solution pour faire de vos clients des ambassadeurs&#8221; font_container=&#8221;tag:h2|font_size:28px|text_align:left|color:%23e8b423&#8243; google_fonts=&#8221;font_family:Roboto%3A100%2C100italic%2C300%2C300italic%2Cregular%2Citalic%2C500%2C500italic%2C700%2C700italic%2C900%2C900italic|font_style:500%20bold%20regular%3A500%3Anormal&#8221; css_animation=&#8221;fadeIn&#8221; el_class=&#8221;main-h1&#8243;][vc_custom_heading text=&#8221;Offrez le Wi-Fi \u00e0 vos clients<br \/>\net engagez une relation \u00e0 long terme&#8221; font_container=&#8221;tag:h1|font_size:38px|text_align:left|color:%23ffffff&#8221; google_fonts=&#8221;font_family:Roboto%3A100%2C100italic%2C300%2C300italic%2Cregular%2Citalic%2C500%2C500italic%2C700%2C700italic%2C900%2C900italic|font_style:900%20bold%20regular%3A900%3Anormal&#8221; css_animation=&#8221;bottom-to-top&#8221; el_id=&#8221;main-h1&#8243; el_class=&#8221;main-h1&#8243;][vc_empty_space height=&#8221;30px&#8221;][\/vc_column_inner][vc_column_inner width=&#8221;1\/3&#8243;][vc_single_image image=&#8221;39&#8243; img_size=&#8221;full&#8221; alignment=&#8221;center&#8221; css_animation=&#8221;bounceInUp&#8221; el_id=&#8221;icone-event&#8221; el_class=&#8221;icone-event&#8221; css=&#8221;.vc_custom_1574028915587{padding-top: 10% !important;padding-right: 10% !important;padding-left: 10% !important;}&#8221;][\/vc_column_inner][\/vc_row_inner][\/vc_column][\/vc_row][vc_row css=&#8221;.vc_custom_1568425844178{background-color: #f2f2f2 !important;}&#8221;][vc_column][vc_row_inner equal_height=&#8221;yes&#8221; type=&#8221;boxed&#8221; css=&#8221;.vc_custom_1568087489928{padding-right: 7% !important;padding-left: 7% !important;}&#8221;][vc_column_inner width=&#8221;1\/4&#8243;][vc_column_text css_animation=&#8221;bottom-to-top&#8221;]<\/p>\n<h5 style=\"text-align: center;\"><span style=\"color: #13535e;\"><img loading=\"lazy\" class=\"aligncenter wp-image-1095\" src=\"https:\/\/sy5.io\/wp-content\/uploads\/2019\/11\/wifi-icon-300x300.png\" alt=\"\" width=\"160\" height=\"160\" \/><br \/>\n<\/span><span style=\"color: #13535e;\"><strong>Am\u00e9liorez l\u2019exp\u00e9rience client<\/strong><\/span><\/h5>\n<p style=\"text-align: center;\">Vos clients veulent le Wi-Fi. Gr\u00e2ce \u00e0 un portail professionnel \u00e0 l\u2019image de votre commerce, proposez-leur un acc\u00e8s simple, s\u00e9curitaire et personnalis\u00e9.<\/p>\n<p>[\/vc_column_text][\/vc_column_inner][vc_column_inner width=&#8221;1\/4&#8243;][vc_column_text css_animation=&#8221;bottom-to-top&#8221;]<\/p>\n<h5 style=\"text-align: center;\"><span style=\"color: #13535e;\"><img loading=\"lazy\" class=\"aligncenter wp-image-1097\" src=\"https:\/\/sy5.io\/wp-content\/uploads\/2019\/11\/icone-share-300x300.png\" alt=\"\" width=\"160\" height=\"160\" \/><br \/>\n<\/span><span style=\"color: #13535e;\"><strong>Faites-vous r\u00e9f\u00e9rer par vos clients<\/strong><\/span><\/h5>\n<p style=\"text-align: center;\">Encouragez vos visiteurs \u00e0 r\u00e9f\u00e9rer votre commerce en misant sur l\u2019effet exponentiel des r\u00e9seaux sociaux.<\/p>\n<p>[\/vc_column_text][\/vc_column_inner][vc_column_inner width=&#8221;1\/4&#8243;][vc_column_text css_animation=&#8221;bottom-to-top&#8221;]<\/p>\n<h5 style=\"text-align: center;\"><span style=\"color: #13535e;\"><img loading=\"lazy\" class=\"aligncenter wp-image-1098\" src=\"https:\/\/sy5.io\/wp-content\/uploads\/2019\/11\/icone-loud-300x300.png\" alt=\"\" width=\"160\" height=\"160\" \/><br \/>\n<\/span><span style=\"color: #13535e;\"><strong>Restez connect\u00e9 avec vos clients<\/strong><\/span><\/h5>\n<p style=\"text-align: center;\">Collectez les noms, adresses courriels, dates d&#8217;anniversaire et bien plus d&#8217;informations sur vos clients potentiels.<\/p>\n<p>[\/vc_column_text][\/vc_column_inner][vc_column_inner width=&#8221;1\/4&#8243;][vc_column_text css_animation=&#8221;bottom-to-top&#8221;]<\/p>\n<h5 style=\"text-align: center;\"><span style=\"color: #13535e;\"><img loading=\"lazy\" class=\"aligncenter wp-image-1096\" src=\"https:\/\/sy5.io\/wp-content\/uploads\/2019\/11\/icone-thumb-300x300.png\" alt=\"\" width=\"160\" height=\"160\" \/><br \/>\n<\/span><span style=\"color: #13535e;\"><strong>D\u00e9veloppez la relation et fid\u00e9lisez<\/strong><\/span><\/h5>\n<p style=\"text-align: center;\">Fid\u00e9lisez vos visiteurs et faites-les revenir plus souvent en envoyant des courriels promotionnels bas\u00e9s sur leurs besoins.<\/p>\n<p>[\/vc_column_text][\/vc_column_inner][\/vc_row_inner][vc_empty_space][\/vc_column][\/vc_row][vc_row full_width=&#8221;stretch_row&#8221; bg_type=&#8221;image&#8221; parallax_style=&#8221;vcpb-default&#8221; bg_image_new=&#8221;id^1182|url^|caption^null|alt^null|title^background-grey|description^null&#8221; bg_image_repeat=&#8221;no-repeat&#8221; bg_img_attach=&#8221;fixed&#8221; bg_override=&#8221;full&#8221; css=&#8221;.vc_custom_1574029485727{background: #f2f2f2 url(https:\/\/www.sy5.io\/wp-content\/uploads\/2019\/11\/background-grey.jpg?id=40) !important;background-position: center !important;background-repeat: no-repeat !important;background-size: cover !important;}&#8221;][vc_column][vc_row_inner type=&#8221;boxed&#8221;][vc_column_inner][vc_raw_html]JTNDZGl2JTIwY2xhc3MlM0QlMjJ0cmlhbmdsZSUyMiUzRSUzQyUyRmRpdiUzRQ==[\/vc_raw_html][\/vc_column_inner][\/vc_row_inner][vc_row_inner equal_height=&#8221;yes&#8221; content_placement=&#8221;middle&#8221; type=&#8221;boxed&#8221; css=&#8221;.vc_custom_1569601259631{margin-top: 8% !important;margin-bottom: 8% !important;padding-right: 10% !important;padding-left: 10% !important;}&#8221;][vc_column_inner width=&#8221;1\/2&#8243;][vc_single_image image=&#8221;68&#8243; img_size=&#8221;full&#8221; css_animation=&#8221;bottom-to-top&#8221;][\/vc_column_inner][vc_column_inner width=&#8221;1\/2&#8243; css=&#8221;.vc_custom_1574029048268{background-image: url(https:\/\/www.sy5.io\/wp-content\/uploads\/2019\/11\/Number-1-bkg1.png?id=69) !important;background-position: center !important;background-repeat: no-repeat !important;background-size: cover !important;}&#8221;][vc_column_text]<\/p>\n<h4><span style=\"color: #13535e;\">Recevez et installez notre \u00e9quipement<\/span><\/h4>\n<p>Nous vous ferons parvenir un point d\u2019acc\u00e8s SY5 ainsi qu\u2019un guide d\u2019installation tr\u00e8s facile \u00e0 suivre. Notre \u00e9quipement\u00a0n\u2019affecte aucunement votre infrastructure d\u00e9j\u00e0 en place et vous n\u2019aurez rien \u00e0 configurer.<\/p>\n<p><strong>Branchez-le ou confiez-nous l\u2019installation.<\/strong>[\/vc_column_text][\/vc_column_inner][\/vc_row_inner][\/vc_column][\/vc_row][vc_row full_width=&#8221;stretch_row&#8221; content_placement=&#8221;bottom&#8221; css=&#8221;.vc_custom_1487991533962{background-color: #f2f2f2 !important;}&#8221;][vc_column][vc_row_inner equal_height=&#8221;yes&#8221; content_placement=&#8221;middle&#8221; css=&#8221;.vc_custom_1569601166910{padding-top: -3% !important;padding-right: 12% !important;padding-left: 12% !important;}&#8221;][vc_column_inner width=&#8221;1\/2&#8243; css=&#8221;.vc_custom_1574029175479{background-image: url(https:\/\/www.sy5.io\/wp-content\/uploads\/2019\/11\/Number-2-bkg2-1.png?id=71) !important;background-position: center !important;background-repeat: no-repeat !important;background-size: cover !important;}&#8221;][vc_column_text css=&#8221;.vc_custom_1568519715385{background-position: center !important;background-repeat: no-repeat !important;background-size: cover !important;}&#8221;]<\/p>\n<h4><span style=\"color: #13535e;\">Personnalisez l\u2019exp\u00e9rience<br \/>\nde vos clients<\/span><\/h4>\n<ul>\n<li>Proposez un portail Wi-Fi aux couleurs de votre marque et commerce.<\/li>\n<li>Exposez vos clients \u00e0 des publicit\u00e9s et promotions pour augmenter vos ventes.<\/li>\n<li>Engagez vos clients directement en cr\u00e9ant un lien lorsqu\u2019ils se connectent \u00e0 votre portail.<\/li>\n<\/ul>\n<p>[\/vc_column_text][\/vc_column_inner][vc_column_inner width=&#8221;1\/2&#8243; css=&#8221;.vc_custom_1568425932302{background-position: center !important;background-repeat: no-repeat !important;background-size: contain !important;}&#8221;][vc_single_image image=&#8221;70&#8243; img_size=&#8221;full&#8221; css_animation=&#8221;bottom-to-top&#8221; el_id=&#8221;cellphone-clebard&#8221; el_class=&#8221;cellphone-clebard&#8221; css=&#8221;.vc_custom_1574029137859{margin-bottom: -10% !important;}&#8221;][\/vc_column_inner][\/vc_row_inner][\/vc_column][\/vc_row][vc_row full_width=&#8221;stretch_row&#8221; bg_type=&#8221;image&#8221; parallax_style=&#8221;vcpb-default&#8221; bg_image_new=&#8221;id^1182|url^|caption^null|alt^null|title^background-grey|description^null&#8221; bg_image_repeat=&#8221;no-repeat&#8221; bg_img_attach=&#8221;fixed&#8221; bg_override=&#8221;full&#8221; css=&#8221;.vc_custom_1574029410883{background: #f2f2f2 url(https:\/\/www.sy5.io\/wp-content\/uploads\/2019\/11\/background-grey.jpg?id=40) !important;background-position: center !important;background-repeat: no-repeat !important;background-size: cover !important;}&#8221;][vc_column][vc_row_inner equal_height=&#8221;yes&#8221; content_placement=&#8221;middle&#8221; type=&#8221;boxed&#8221; css=&#8221;.vc_custom_1487991936889{padding-right: 10% !important;padding-left: 10% !important;}&#8221;][vc_column_inner width=&#8221;1\/2&#8243;][vc_single_image image=&#8221;72&#8243; img_size=&#8221;600&#215;600&#8243; alignment=&#8221;center&#8221; css_animation=&#8221;appear&#8221;][\/vc_column_inner][vc_column_inner width=&#8221;1\/2&#8243; css=&#8221;.vc_custom_1574029247301{background-image: url(https:\/\/www.sy5.io\/wp-content\/uploads\/2019\/11\/Number-3-bkg.png?id=73) !important;background-position: center !important;background-repeat: no-repeat !important;background-size: cover !important;}&#8221;][vc_column_text]<\/p>\n<h4><span style=\"color: #13535e;\">Faites de vos clients des ambassadeurs et profitez du bouche-\u00e0-oreille!<\/span><\/h4>\n<p>En se connectant au Wi-Fi avec portail SY5, vos clients sont invit\u00e9s \u00e0 indiquer leur pr\u00e9sence chez vous sur leur page Facebook et \u00e0 laisser un bon commentaire.<\/p>\n<p>Vos clients font un \u00ab check-in \u00bb dans votre \u00e9tablissement, informant du m\u00eame coup des centaines de leurs ami(e)s \u2013 existe-t-il une meilleure publicit\u00e9 que le bouche-\u00e0-oreille?[\/vc_column_text][\/vc_column_inner][\/vc_row_inner][vc_empty_space height=&#8221;12px&#8221;][\/vc_column][\/vc_row][vc_row full_width=&#8221;stretch_row&#8221; content_placement=&#8221;middle&#8221; css=&#8221;.vc_custom_1487995933239{background-color: #f2f2f2 !important;}&#8221;][vc_column][vc_row_inner equal_height=&#8221;yes&#8221; content_placement=&#8221;middle&#8221; css=&#8221;.vc_custom_1489198090832{margin-top: 3% !important;margin-bottom: 3% !important;padding-right: 12% !important;padding-left: 12% !important;}&#8221;][vc_column_inner width=&#8221;1\/2&#8243; css=&#8221;.vc_custom_1574029285012{background-image: url(https:\/\/www.sy5.io\/wp-content\/uploads\/2019\/11\/Number-4-bkg.png?id=75) !important;background-position: center !important;background-repeat: no-repeat !important;background-size: cover !important;}&#8221;][vc_column_text]<\/p>\n<h4><span style=\"color: #13535e;\">Laissez aller vos campagnes automatis\u00e9es pour booster votre marketing !<\/span><\/h4>\n<p>[\/vc_column_text][vc_column_text]Mettez en place des campagnes par courriel automatis\u00e9es aupr\u00e8s de vos clients avec des promotions cibl\u00e9es selon leur fr\u00e9quence de visites, leur \u00e2ge, leur date d&#8217;anniversaire ou autre!<\/p>\n<p>Avec les informations collect\u00e9es vous pouvez recontacter vos clients de mani\u00e8re simplet et efficace.[\/vc_column_text][vc_empty_space][\/vc_column_inner][vc_column_inner width=&#8221;1\/2&#8243;][vc_single_image image=&#8221;74&#8243; img_size=&#8221;full&#8221;][\/vc_column_inner][\/vc_row_inner][\/vc_column][\/vc_row][vc_row bg_type=&#8221;image&#8221; parallax_style=&#8221;vcpb-vz-jquery&#8221; bg_image_new=&#8221;id^1040|url^|caption^null|alt^null|title^sy5-connection_splashscreen2|description^null&#8221; bg_image_repeat=&#8221;no-repeat&#8221; bg_override=&#8221;full&#8221; css=&#8221;.vc_custom_1574029387348{background-image: url(https:\/\/www.sy5.io\/wp-content\/uploads\/2019\/11\/footer-expert-background-1920px.jpg?id=43) !important;background-position: center !important;background-repeat: no-repeat !important;background-size: cover !important;}&#8221;][vc_column offset=&#8221;vc_hidden-xs&#8221;][vc_row_inner content_placement=&#8221;middle&#8221; type=&#8221;boxed&#8221; css=&#8221;.vc_custom_1568169192743{padding-right: 8% !important;padding-left: 8% !important;}&#8221;][vc_column_inner width=&#8221;2\/3&#8243;][vc_column_text]<span style=\"color: #fcc437; font-size: 1.8em; line-height: 1.4em; font-family: roboto;\">La solution pour faire de vos clients<br \/>\n<strong>des ambassadeurs<\/strong><\/span>[\/vc_column_text][vc_btn title=&#8221;OBTENIR SY5&#8243; style=&#8221;custom&#8221; custom_background=&#8221;#ffffff&#8221; custom_text=&#8221;#13535e&#8221; shape=&#8221;round&#8221; size=&#8221;lg&#8221; align=&#8221;left&#8221; link=&#8221;url:https%3A%2F%2Fwww.sy5.io%2Ffr%2Fobtenir-sy5%2F|title:Contact||&#8221;][\/vc_column_inner][vc_column_inner width=&#8221;1\/3&#8243; css=&#8221;.vc_custom_1568171620853{margin-top: -20% !important;margin-bottom: -35px !important;}&#8221;][vc_single_image image=&#8221;42&#8243; img_size=&#8221;full&#8221; css_animation=&#8221;left-to-right&#8221; el_class=&#8221;expert&#8221;][\/vc_column_inner][\/vc_row_inner][\/vc_column][\/vc_row][vc_row bg_type=&#8221;image&#8221; parallax_style=&#8221;vcpb-vz-jquery&#8221; bg_image_new=&#8221;id^1040|url^|caption^null|alt^null|title^sy5-connection_splashscreen2|description^null&#8221; bg_image_repeat=&#8221;no-repeat&#8221; bg_override=&#8221;full&#8221; css=&#8221;.vc_custom_1574029379355{background-image: url(https:\/\/www.sy5.io\/wp-content\/uploads\/2019\/11\/footer-expert-background-1920px.jpg?id=43) !important;background-position: center !important;background-repeat: no-repeat !important;background-size: cover !important;}&#8221;][vc_column offset=&#8221;vc_hidden-lg vc_hidden-md vc_hidden-sm&#8221;][vc_row_inner content_placement=&#8221;middle&#8221; type=&#8221;boxed&#8221; css=&#8221;.vc_custom_1568172110237{padding-right: 12% !important;padding-left: 12% !important;}&#8221;][vc_column_inner][vc_column_text]<\/p>\n<p style=\"text-align: center;\"><span style=\"color: #fcc437; font-size: 1.8em; line-height: 1.4em; font-family: roboto;\">La solution pour faire de vos clients<br \/>\n<strong>des ambassadeurs<\/strong><\/span><\/p>\n<p>[\/vc_column_text][vc_btn title=&#8221;OBTENIR SY5&#8243; style=&#8221;custom&#8221; custom_background=&#8221;#ffffff&#8221; custom_text=&#8221;#13535e&#8221; shape=&#8221;round&#8221; size=&#8221;lg&#8221; align=&#8221;center&#8221; link=&#8221;url:https%3A%2F%2Fwww.sy5.io%2Ffr%2Fobtenir-sy5%2F|title:Contact||&#8221;][vc_single_image image=&#8221;42&#8243; img_size=&#8221;full&#8221; alignment=&#8221;center&#8221; css_animation=&#8221;bottom-to-top&#8221; el_class=&#8221;expert&#8221; css=&#8221;.vc_custom_1574029321374{margin-bottom: -0.01% !important;}&#8221;][\/vc_column_inner][\/vc_row_inner][\/vc_column][\/vc_row]<\/p>","protected":false},"excerpt":{"rendered":"<p>[vc_row content_placement=&#8221;middle&#8221; height=&#8221;500px&#8221; columns_height=&#8221;adjust_cols_height&#8221; bg_type=&#8221;image&#8221; parallax_style=&#8221;vcpb-default&#8221; bg_image_new=&#8221;id^995|url^|caption^null|alt^null|title^sy5-table-phone-social_background|description^null&#8221; bg_override=&#8221;full&#8221; css=&#8221;.vc_custom_1574028903006{background-image: url(https:\/\/www.sy5.io\/wp-content\/uploads\/2019\/11\/header-cardealer.jpg?id=67) !important;background-position: center !important;background-repeat: no-repeat !important;background-size: cover !important;}&#8221;][vc_column][vc_row_inner type=&#8221;boxed&#8221; css=&#8221;.vc_custom_1568166934356{padding-right: 8% !important;padding-left: 8% !important;}&#8221;][vc_column_inner width=&#8221;2\/3&#8243; css=&#8221;.vc_custom_1568166873613{margin-top: 10% !important;margin-bottom: 3% !important;}&#8221;][vc_custom_heading text=&#8221;La solution pour faire de vos clients des ambassadeurs&#8221; font_container=&#8221;tag:h2|font_size:28px|text_align:left|color:%23e8b423&#8243; google_fonts=&#8221;font_family:Roboto%3A100%2C100italic%2C300%2C300italic%2Cregular%2Citalic%2C500%2C500italic%2C700%2C700italic%2C900%2C900italic|font_style:500%20bold%20regular%3A500%3Anormal&#8221; css_animation=&#8221;fadeIn&#8221; el_class=&#8221;main-h1&#8243;][vc_custom_heading text=&#8221;Offrez le Wi-Fi \u00e0 vos clients et engagez une relation \u00e0 long terme&#8221; [&hellip;]<\/p>\n","protected":false},"author":1,"featured_media":0,"parent":0,"menu_order":0,"comment_status":"closed","ping_status":"closed","template":"page-full-width.php","meta":{"inline_featured_image":false,"_links_to":"","_links_to_target":""},"yoast_head":"<!-- This site is optimized with the Yoast SEO plugin v14.7 - https:\/\/yoast.com\/wordpress\/plugins\/seo\/ -->\n<title>Automobile et commerce de d\u00e9tail - SY5 Wi-Fi Marketing<\/title>\n<meta name=\"robots\" content=\"index, follow\" \/>\n<meta name=\"googlebot\" content=\"index, follow, max-snippet:-1, max-image-preview:large, max-video-preview:-1\" \/>\n<meta name=\"bingbot\" content=\"index, follow, max-snippet:-1, max-image-preview:large, max-video-preview:-1\" \/>\n<link rel=\"canonical\" href=\"https:\/\/www.sy5.io\/car-dealership-retail\/\" \/>\n<meta property=\"og:locale\" content=\"fr_CA\" \/>\n<meta property=\"og:type\" content=\"article\" \/>\n<meta property=\"og:title\" content=\"Automobile et commerce de d\u00e9tail - SY5 Wi-Fi Marketing\" \/>\n<meta property=\"og:description\" content=\"[vc_row content_placement=&#8221;middle&#8221; height=&#8221;500px&#8221; columns_height=&#8221;adjust_cols_height&#8221; bg_type=&#8221;image&#8221; parallax_style=&#8221;vcpb-default&#8221; bg_image_new=&#8221;id^995|url^|caption^null|alt^null|title^sy5-table-phone-social_background|description^null&#8221; bg_override=&#8221;full&#8221; css=&#8221;.vc_custom_1574028903006{background-image: url(https:\/\/www.sy5.io\/wp-content\/uploads\/2019\/11\/header-cardealer.jpg?id=67) !important;background-position: center !important;background-repeat: no-repeat !important;background-size: cover !important;}&#8221;][vc_column][vc_row_inner type=&#8221;boxed&#8221; css=&#8221;.vc_custom_1568166934356{padding-right: 8% !important;padding-left: 8% !important;}&#8221;][vc_column_inner width=&#8221;2\/3&#8243; css=&#8221;.vc_custom_1568166873613{margin-top: 10% !important;margin-bottom: 3% !important;}&#8221;][vc_custom_heading text=&#8221;La solution pour faire de vos clients des ambassadeurs&#8221; font_container=&#8221;tag:h2|font_size:28px|text_align:left|color:%23e8b423&#8243; google_fonts=&#8221;font_family:Roboto%3A100%2C100italic%2C300%2C300italic%2Cregular%2Citalic%2C500%2C500italic%2C700%2C700italic%2C900%2C900italic|font_style:500%20bold%20regular%3A500%3Anormal&#8221; css_animation=&#8221;fadeIn&#8221; el_class=&#8221;main-h1&#8243;][vc_custom_heading text=&#8221;Offrez le Wi-Fi \u00e0 vos clients et engagez une relation \u00e0 long terme&#8221; [&hellip;]\" \/>\n<meta property=\"og:url\" content=\"https:\/\/www.sy5.io\/car-dealership-retail\/\" \/>\n<meta property=\"og:site_name\" content=\"SY5 Wi-Fi Marketing\" \/>\n<meta property=\"article:modified_time\" content=\"2019-11-17T22:35:00+00:00\" \/>\n<meta property=\"og:image\" content=\"https:\/\/sy5.io\/wp-content\/uploads\/2019\/11\/wifi-icon-300x300.png\" \/>\n<meta name=\"twitter:card\" content=\"summary_large_image\" \/>\n<script type=\"application\/ld+json\" class=\"yoast-schema-graph\">{\"@context\":\"https:\/\/schema.org\",\"@graph\":[{\"@type\":\"WebSite\",\"@id\":\"https:\/\/www.sy5.io\/fr\/#website\",\"url\":\"https:\/\/www.sy5.io\/fr\/\",\"name\":\"SY5 Wi-Fi Marketing\",\"description\":\"Wi-fi marketing for restaurants, venues and events. Send email campaigns with our integrated platform.\",\"potentialAction\":[{\"@type\":\"SearchAction\",\"target\":\"https:\/\/www.sy5.io\/fr\/?s={search_term_string}\",\"query-input\":\"required name=search_term_string\"}],\"inLanguage\":\"fr-CA\"},{\"@type\":\"ImageObject\",\"@id\":\"https:\/\/www.sy5.io\/car-dealership-retail\/#primaryimage\",\"inLanguage\":\"fr-CA\",\"url\":\"https:\/\/sy5.io\/wp-content\/uploads\/2019\/11\/wifi-icon-300x300.png\"},{\"@type\":\"WebPage\",\"@id\":\"https:\/\/www.sy5.io\/car-dealership-retail\/#webpage\",\"url\":\"https:\/\/www.sy5.io\/car-dealership-retail\/\",\"name\":\"Automobile et commerce de d\\u00e9tail - SY5 Wi-Fi Marketing\",\"isPartOf\":{\"@id\":\"https:\/\/www.sy5.io\/fr\/#website\"},\"primaryImageOfPage\":{\"@id\":\"https:\/\/www.sy5.io\/car-dealership-retail\/#primaryimage\"},\"datePublished\":\"2019-11-17T22:25:52+00:00\",\"dateModified\":\"2019-11-17T22:35:00+00:00\",\"inLanguage\":\"fr-CA\",\"potentialAction\":[{\"@type\":\"ReadAction\",\"target\":[\"https:\/\/www.sy5.io\/car-dealership-retail\/\"]}]}]}<\/script>\n<!-- \/ Yoast SEO plugin. -->","_links":{"self":[{"href":"https:\/\/www.sy5.io\/fr\/wp-json\/wp\/v2\/pages\/66"}],"collection":[{"href":"https:\/\/www.sy5.io\/fr\/wp-json\/wp\/v2\/pages"}],"about":[{"href":"https:\/\/www.sy5.io\/fr\/wp-json\/wp\/v2\/types\/page"}],"author":[{"embeddable":true,"href":"https:\/\/www.sy5.io\/fr\/wp-json\/wp\/v2\/users\/1"}],"replies":[{"embeddable":true,"href":"https:\/\/www.sy5.io\/fr\/wp-json\/wp\/v2\/comments?post=66"}],"version-history":[{"count":2,"href":"https:\/\/www.sy5.io\/fr\/wp-json\/wp\/v2\/pages\/66\/revisions"}],"predecessor-version":[{"id":77,"href":"https:\/\/www.sy5.io\/fr\/wp-json\/wp\/v2\/pages\/66\/revisions\/77"}],"wp:attachment":[{"href":"https:\/\/www.sy5.io\/fr\/wp-json\/wp\/v2\/media?parent=66"}],"curies":[{"name":"wp","href":"https:\/\/api.w.org\/{rel}","templated":true}]}}